{"id":1646,"date":"2016-01-15T01:21:43","date_gmt":"2016-01-15T00:21:43","guid":{"rendered":"http:\/\/www.aek.eus\/blogak\/bilbo\/?page_id=1646"},"modified":"2016-09-07T01:16:20","modified_gmt":"2016-09-06T23:16:20","slug":"autoikaskuntza-2","status":"publish","type":"page","link":"http:\/\/www.aek.eus\/blogak\/bilbo\/autoikaskuntza-2\/","title":{"rendered":"[:eu]Autoikaskuntza irailean[:es]Autoaprendizaje en septiembre[:]"},"content":{"rendered":"<p>[:eu]<\/p>\n<h3>Datorren irailean autoikaskuntzaren bitartez euskara ikasteko aukera izango duzu!<\/h3>\n<p>Bi modulazio mota duzu:<\/p>\n<p>a) Azterketa prestatzeko (2. deialdirako maila gaindituta dutenentzat).<\/p>\n<p>b) Errepasoa egiteko.<\/p>\n<p>Biak 40 orduko ikastaroak, 155 eurokoak eta Indautxu AEKn izango dira:<\/p>\n<ul>\n<li>Ordu eta erdiko 4 mintza-saio (6h)<\/li>\n<li>Ordu erdiko 4 tutoretza (2h)<\/li>\n<li>8 orduko 4 programazio (32h)<\/li>\n<\/ul>\n<p>Matrikulazioa ekainean zabalduko dugu![:es]\u00bfTienes problemas de horarios? Tranquil@, mediante la autoense\u00f1anza podr\u00e1s estudiar euskera en el horario que mejor te convenga.<\/p>\n<p>Ofrecemos dos modulos:<\/p>\n<ul>\n<li>M\u00f3dulo de 190 horas, de octubre a junio (734 \u20ac).<\/li>\n<li>M\u00f3dulo de 100 horas, de febrero a junio (406 \u20ac).<\/li>\n<\/ul>\n<p>En ambos dispondr\u00e1s de un tutor@ que te ir\u00e1 guiando en tu proceso de aprendizaje, adem\u00e1s de:<\/p>\n<ul>\n<li>Tutor\u00eda de 20 minutos todas las semanas. S\u00f3lo tu tutor@ y t\u00fa.<\/li>\n<li>Sesiones de &#8220;mintza-saios&#8221; de 1&#8217;5 horas para trabajar el oral todas las semanas. Estar\u00e9is un tutor@ m\u00e1s otros alumnos de autoense\u00f1anza.<\/li>\n<li>Programaciones quincenales: recibir\u00e1s el material impreso que debes realizar las siguientes dos semanas.<\/li>\n<li>Uso de la plataforma Moodle para establecer contacto con todo@s lo@s tutores y alumn@s de autoense\u00f1anza. Mediante esta plataforma recibir\u00e1s informaci\u00f3n de actividades para realizar en euskera, informaci\u00f3n sobre el curso, etc.<\/li>\n<\/ul>\n<p>Todos los niveles, ma\u00f1ana o tarde. Si necesitas m\u00e1s informaci\u00f3n, acude a cualquier de nuestros euskaltegis.<\/p>\n<p><a href=\"http:\/\/www.aek.eus\/blogak\/bilbo\/files\/2016\/01\/@.jpg\"><img loading=\"lazy\" decoding=\"async\" class=\"aligncenter wp-image-1660\" src=\"http:\/\/www.aek.eus\/blogak\/bilbo\/files\/2016\/01\/@.jpg\" alt=\"@\" width=\"600\" height=\"166\" srcset=\"http:\/\/www.aek.eus\/blogak\/bilbo\/files\/2016\/01\/@.jpg 906w, http:\/\/www.aek.eus\/blogak\/bilbo\/files\/2016\/01\/@-300x83.jpg 300w\" sizes=\"auto, (max-width: 600px) 100vw, 600px\" \/><\/a><\/p>\n<p>&nbsp;[:]<\/p>\n","protected":false},"excerpt":{"rendered":"<p>[:eu] Datorren irailean autoikaskuntzaren bitartez euskara ikasteko aukera izango duzu! Bi modulazio mota duzu: a) Azterketa prestatzeko (2. deialdirako maila gaindituta dutenentzat). b) Errepasoa egiteko. Biak 40 orduko ikastaroak, 155 eurokoak eta Indautxu AEKn izango dira: Ordu eta erdiko 4 mintza-saio (6h) Ordu erdiko 4 tutoretza (2h) 8 orduko 4 programazio (32h) Matrikulazioa ekainean zabalduko [&hellip;]<\/p>\n","protected":false},"author":32,"featured_media":0,"parent":0,"menu_order":0,"comment_status":"closed","ping_status":"open","template":"","meta":{"footnotes":""},"class_list":["post-1646","page","type-page","status-publish","czr-hentry"],"featured_image_src":null,"featured_image_src_square":null,"_links":{"self":[{"href":"http:\/\/www.aek.eus\/blogak\/bilbo\/wp-json\/wp\/v2\/pages\/1646","targetHints":{"allow":["GET"]}}],"collection":[{"href":"http:\/\/www.aek.eus\/blogak\/bilbo\/wp-json\/wp\/v2\/pages"}],"about":[{"href":"http:\/\/www.aek.eus\/blogak\/bilbo\/wp-json\/wp\/v2\/types\/page"}],"author":[{"embeddable":true,"href":"http:\/\/www.aek.eus\/blogak\/bilbo\/wp-json\/wp\/v2\/users\/32"}],"replies":[{"embeddable":true,"href":"http:\/\/www.aek.eus\/blogak\/bilbo\/wp-json\/wp\/v2\/comments?post=1646"}],"version-history":[{"count":6,"href":"http:\/\/www.aek.eus\/blogak\/bilbo\/wp-json\/wp\/v2\/pages\/1646\/revisions"}],"predecessor-version":[{"id":2105,"href":"http:\/\/www.aek.eus\/blogak\/bilbo\/wp-json\/wp\/v2\/pages\/1646\/revisions\/2105"}],"wp:attachment":[{"href":"http:\/\/www.aek.eus\/blogak\/bilbo\/wp-json\/wp\/v2\/media?parent=1646"}],"curies":[{"name":"wp","href":"https:\/\/api.w.org\/{rel}","templated":true}]}}