{"id":2054,"date":"2016-07-31T12:19:26","date_gmt":"2016-07-31T10:19:26","guid":{"rendered":"http:\/\/www.aek.eus\/blogak\/bilbo\/?page_id=2054"},"modified":"2016-07-31T12:47:16","modified_gmt":"2016-07-31T10:47:16","slug":"metodologia","status":"publish","type":"page","link":"http:\/\/www.aek.eus\/blogak\/bilbo\/metodologia\/","title":{"rendered":"[:eu]Metodologia[:es]Metodolog\u00eda[:]"},"content":{"rendered":"<p>[:eu]<a href=\"http:\/\/www.aek.eus\/blogak\/bilbo\/files\/2016\/07\/IMG_20160729_200544829.jpg\"><img loading=\"lazy\" decoding=\"async\" class=\"wp-image-2055 size-medium alignright\" src=\"http:\/\/www.aek.eus\/blogak\/bilbo\/files\/2016\/07\/IMG_20160729_200544829-300x169.jpg\" alt=\"IMG_20160729_200544829\" width=\"300\" height=\"169\" srcset=\"http:\/\/www.aek.eus\/blogak\/bilbo\/files\/2016\/07\/IMG_20160729_200544829-300x169.jpg 300w, http:\/\/www.aek.eus\/blogak\/bilbo\/files\/2016\/07\/IMG_20160729_200544829-1024x575.jpg 1024w\" sizes=\"auto, (max-width: 300px) 100vw, 300px\" \/><\/a>Metodologia komunikatiboa erabiltzen dugu. Horretarako AEK-k sortutako ikastunitateak erabiltzen ditugu, AEKz kanpoko materiala (HABE, Elhuyar, aldizkariak, egunkariak, irratia, telebista, Internet\u2026) alde batera utzi gabe. Eskoletan 4 trebetasunak lantzen dira: entzumena, irakurmena, idazmena eta mintzamena; gramatikari ere leku bat uzten diogu, gutxieneko zuzentasun batez ekoizteko.<\/p>\n<p>Hiztunak sortzeko helburuarekin, kultur ekintzak txertatzen ditugu programan, zeren ikasleen eta ikasle-irakasleen arteko elkarreraginari oinarri deritzogun, hiztun erabiltzaileen sarea osatuko eta indartuko bada.[:es]<a href=\"http:\/\/www.aek.eus\/blogak\/bilbo\/files\/2016\/07\/IMG_20160729_200544829.jpg\"><img loading=\"lazy\" decoding=\"async\" class=\"wp-image-2055 size-medium alignright\" src=\"http:\/\/www.aek.eus\/blogak\/bilbo\/files\/2016\/07\/IMG_20160729_200544829-300x169.jpg\" alt=\"IMG_20160729_200544829\" width=\"300\" height=\"169\" srcset=\"http:\/\/www.aek.eus\/blogak\/bilbo\/files\/2016\/07\/IMG_20160729_200544829-300x169.jpg 300w, http:\/\/www.aek.eus\/blogak\/bilbo\/files\/2016\/07\/IMG_20160729_200544829-1024x575.jpg 1024w\" sizes=\"auto, (max-width: 300px) 100vw, 300px\" \/><\/a>Hacemos uso de una metodolog\u00eda comunicativa. Para ello, hemos creado unidades did\u00e1cticas que, adem\u00e1s de otros materiales (HABE, Elhuyar, revistas, peri\u00f3dicos, radio, televisi\u00f3n, Internet\u2026) son las que utilizamos en nuestras clases. Como en toda ense\u00f1anza de idiomas, se trabajan las 4 habilidades del lenguaje: compresi\u00f3n auditiva, lectura, producci\u00f3n escritura y oral; tambi\u00e9n le dejamos un hueco a la gram\u00e1tica, para producir con un m\u00ednimo de correcci\u00f3n y conocer las reglas gramaticales m\u00e1s importantes.<\/p>\n<p>Con el objetivo de crear hablantes activos, tambi\u00e9n inclu\u00edmos actividades culturales y unidas al ocio, ya que la interacci\u00f3n entre l@s alumn@s y alumn@s-profesor@s es clave para tejer y fortalecer la red de hablantes activos en euskera.[:]<\/p>\n","protected":false},"excerpt":{"rendered":"<p>[:eu]Metodologia komunikatiboa erabiltzen dugu. Horretarako AEK-k sortutako ikastunitateak erabiltzen ditugu, AEKz kanpoko materiala (HABE, Elhuyar, aldizkariak, egunkariak, irratia, telebista, Internet\u2026) alde batera utzi gabe. Eskoletan 4 trebetasunak lantzen dira: entzumena, irakurmena, idazmena eta mintzamena; gramatikari ere leku bat uzten diogu, gutxieneko zuzentasun batez ekoizteko. Hiztunak sortzeko helburuarekin, kultur ekintzak txertatzen ditugu programan, zeren ikasleen eta [&hellip;]<\/p>\n","protected":false},"author":32,"featured_media":0,"parent":0,"menu_order":0,"comment_status":"closed","ping_status":"closed","template":"","meta":{"footnotes":""},"class_list":["post-2054","page","type-page","status-publish","czr-hentry"],"featured_image_src":null,"featured_image_src_square":null,"_links":{"self":[{"href":"http:\/\/www.aek.eus\/blogak\/bilbo\/wp-json\/wp\/v2\/pages\/2054","targetHints":{"allow":["GET"]}}],"collection":[{"href":"http:\/\/www.aek.eus\/blogak\/bilbo\/wp-json\/wp\/v2\/pages"}],"about":[{"href":"http:\/\/www.aek.eus\/blogak\/bilbo\/wp-json\/wp\/v2\/types\/page"}],"author":[{"embeddable":true,"href":"http:\/\/www.aek.eus\/blogak\/bilbo\/wp-json\/wp\/v2\/users\/32"}],"replies":[{"embeddable":true,"href":"http:\/\/www.aek.eus\/blogak\/bilbo\/wp-json\/wp\/v2\/comments?post=2054"}],"version-history":[{"count":2,"href":"http:\/\/www.aek.eus\/blogak\/bilbo\/wp-json\/wp\/v2\/pages\/2054\/revisions"}],"predecessor-version":[{"id":2058,"href":"http:\/\/www.aek.eus\/blogak\/bilbo\/wp-json\/wp\/v2\/pages\/2054\/revisions\/2058"}],"wp:attachment":[{"href":"http:\/\/www.aek.eus\/blogak\/bilbo\/wp-json\/wp\/v2\/media?parent=2054"}],"curies":[{"name":"wp","href":"https:\/\/api.w.org\/{rel}","templated":true}]}}