{"id":2062,"date":"2016-08-01T13:53:19","date_gmt":"2016-08-01T11:53:19","guid":{"rendered":"http:\/\/www.aek.eus\/blogak\/bilbo\/?page_id=2062"},"modified":"2016-10-12T20:12:12","modified_gmt":"2016-10-12T18:12:12","slug":"habe","status":"publish","type":"page","link":"http:\/\/www.aek.eus\/blogak\/bilbo\/habe\/","title":{"rendered":"HABE"},"content":{"rendered":"<p>[:eu]HABEren bitartez, euskalduntze-maila guztiak egiazta daitezke (A1, A2, B1, B2, C1 eta C2).<\/p>\n<p>A1 eta A2 mailen kasuan, azterketak kurtsoan bertan egingo dira. Irakasleak abisatuko du noiz.<\/p>\n<p>Gainontzeko mailetan, datak, proben ordena, eta lekuak hauek dira:<\/p>\n<p style=\"text-align: center\"><a href=\"http:\/\/www.aek.eus\/blogak\/bilbo\/files\/2016\/08\/Azterketen-datak-2016-eus-bloga-1.jpg\"><img loading=\"lazy\" decoding=\"async\" class=\"aligncenter wp-image-2066\" src=\"http:\/\/www.aek.eus\/blogak\/bilbo\/files\/2016\/08\/Azterketen-datak-2016-eus-bloga-1.jpg\" alt=\"Azterketen datak 2016 eus (bloga)\" width=\"600\" height=\"461\" srcset=\"http:\/\/www.aek.eus\/blogak\/bilbo\/files\/2016\/08\/Azterketen-datak-2016-eus-bloga-1.jpg 955w, http:\/\/www.aek.eus\/blogak\/bilbo\/files\/2016\/08\/Azterketen-datak-2016-eus-bloga-1-300x231.jpg 300w\" sizes=\"auto, (max-width: 600px) 100vw, 600px\" \/><\/a><span style=\"color: #000000\">Akats-zuzenketa taulan: <strong>deialdi irekia edozein pertsonarentzat<\/strong> da, euskaltegiko ikaslea<strong> izan zein ez<\/strong> izan!!!<\/span><\/p>\n<h3 style=\"text-align: center\">ADI ibili matrikulaldiarekin!!! Irailaren 16tik 22ra izango da!!!<\/h3>\n<p>Informazio gehiago hemen duzue (egin klik gainean):<\/p>\n<p><a href=\"http:\/\/www.habe.euskadi.eus\/informazioa\/euskarazko-komunikagaitasun-mailak-egiaztatzeko-ohiko-deialdiak\/s23-4728\/eu\/#3861\" target=\"_blank\">A1- Hasierako erabiltzailea<\/a><\/p>\n<p><a href=\"http:\/\/www.habe.euskadi.eus\/informazioa\/euskarazko-komunikagaitasun-mailak-egiaztatzeko-ohiko-deialdiak\/s23-4728\/eu\/#7383\" target=\"_blank\">A2- Oinarrizko erabiltzailea<\/a><\/p>\n<p><a href=\"http:\/\/www.habe.euskadi.eus\/informazioa\/euskarazko-komunikagaitasun-mailak-egiaztatzeko-ohiko-deialdiak\/s23-4728\/eu\/#3861\" target=\"_blank\">B1- Erabiltzaile independentea<\/a><\/p>\n<p><a href=\"http:\/\/www.habe.euskadi.eus\/informazioa\/euskarazko-komunikagaitasun-mailak-egiaztatzeko-ohiko-deialdiak\/s23-4728\/eu\/#1774\" target=\"_blank\">B2- Erabiltzaile aurreratua<\/a><\/p>\n<p><a href=\"http:\/\/www.habe.euskadi.eus\/informazioa\/euskarazko-komunikagaitasun-mailak-egiaztatzeko-ohiko-deialdiak\/s23-4728\/eu\/#6427\" target=\"_blank\">C1- Erabiltzaile gaitua<\/a><\/p>\n<p><a href=\"http:\/\/www.habe.euskadi.eus\/informazioa\/euskarazko-komunikagaitasun-mailak-egiaztatzeko-ohiko-deialdiak\/s23-4728\/eu\/#460\" target=\"_blank\">C2- Erabiltzaile aditua<\/a><\/p>\n<hr \/>\n<p><strong>2016\/10\/10<\/strong> &#8212;<em> Oharra<\/em>: C1 mailako hartzaileen azterketak URRIAREN 14an izango dira honako orduetan:<\/p>\n<p style=\"text-align: center\">Goizeko <span style=\"color: #ff0000\"><strong>10:00etan LIZARDI AEKn<\/strong><\/span><\/p>\n<p style=\"text-align: center\">Goizeko <strong><span style=\"color: #ff0000\">11:00etan INDAUTXU AEKn<\/span><\/strong><\/p>\n<p style=\"text-align: center\">Arratsaldeko <strong><span style=\"color: #ff0000\">16:00etan MATXINTXU AEKn<\/span><\/strong><\/p>\n<p style=\"text-align: center\">Arratsaldeko<strong><span style=\"color: #ff0000\"> 17:00etan SANTUTXU AEKn<\/span><\/strong><\/p>\n<p style=\"text-align: center\">Eta gogoan izan<span style=\"color: #ff0000\"><strong> 15 minutu lehenago<\/strong> <\/span>etorri behar duzuela eta <strong><span style=\"color: #ff0000\">NANa<\/span> <\/strong>ekarri behar duzuela!!!<\/p>\n<hr \/>\n<p>&nbsp;<\/p>\n<p>&nbsp;<\/p>\n<p>&nbsp;[:es]Por medio de los ex\u00e1menes de HABE, pueden certificarse todos los niveles (A1, A2, B1, B2, C1 y C2).<\/p>\n<p>En el caso de los niveles A1 y A2, las pruebak se har\u00e1n en el mismo curso. El profesor\/a avisar\u00e1 de cu\u00e1ndo.<\/p>\n<p>En el resto de los niveles, las fechas, orden de la pruebas y lugares es el que sigue a continuaci\u00f3n:<\/p>\n<p style=\"text-align: center\"><a href=\"http:\/\/www.aek.eus\/blogak\/bilbo\/files\/2016\/08\/Azterketen-datak-2016-esp-bloga-1.jpg\"><img loading=\"lazy\" decoding=\"async\" class=\"aligncenter wp-image-2065\" src=\"http:\/\/www.aek.eus\/blogak\/bilbo\/files\/2016\/08\/Azterketen-datak-2016-esp-bloga-1.jpg\" alt=\"Azterketen datak 2016 esp (bloga)\" width=\"600\" height=\"450\" srcset=\"http:\/\/www.aek.eus\/blogak\/bilbo\/files\/2016\/08\/Azterketen-datak-2016-esp-bloga-1.jpg 970w, http:\/\/www.aek.eus\/blogak\/bilbo\/files\/2016\/08\/Azterketen-datak-2016-esp-bloga-1-300x225.jpg 300w\" sizes=\"auto, (max-width: 600px) 100vw, 600px\" \/><\/a><\/p>\n<p style=\"text-align: center\"><span style=\"color: #000000\">Aviso de correcci\u00f3n en la tabla: la<strong> convocatoria abierta<\/strong> es <strong>para CUALQUIER persona<\/strong>, sea o no alumn@ de euskaltegi!!!<\/span><\/p>\n<h3 style=\"text-align: center\">\u00a1\u00a1\u00a1Atenci\u00f3n al plazo de matriculaci\u00f3n!!! \u00a1\u00a1\u00a1Ser\u00e1 del 16 al 22 de septiembre!!!<\/h3>\n<p>&nbsp;<\/p>\n<p>Dispon\u00e9is de m\u00e1s informaci\u00f3n aqu\u00ed:<\/p>\n<p><a href=\"http:\/\/www.habe.euskadi.eus\/s23-4728\/es\/contenidos\/informacion\/komunika_maila_egiaz_deialdia\/es_def\/index.shtml#3861\" target=\"_blank\">A1- Usuario inicial<\/a><\/p>\n<p><a href=\"http:\/\/www.habe.euskadi.eus\/s23-4728\/es\/contenidos\/informacion\/komunika_maila_egiaz_deialdia\/es_def\/index.shtml#7383\" target=\"_blank\">A2- Usuario b\u00e1sico<\/a><\/p>\n<p><a href=\"http:\/\/www.habe.euskadi.eus\/s23-4728\/es\/contenidos\/informacion\/komunika_maila_egiaz_deialdia\/es_def\/index.shtml#3861\" target=\"_blank\">B1- Usuario independiente<\/a><\/p>\n<p><a href=\"http:\/\/www.habe.euskadi.eus\/s23-4728\/es\/contenidos\/informacion\/komunika_maila_egiaz_deialdia\/es_def\/index.shtml#1774\" target=\"_blank\">B2- Usuario avanzado<\/a><\/p>\n<p><a href=\"http:\/\/www.habe.euskadi.eus\/s23-4728\/es\/contenidos\/informacion\/komunika_maila_egiaz_deialdia\/es_def\/index.shtml#6427\" target=\"_blank\">C1- Usuario competente<\/a><\/p>\n<p><a href=\"http:\/\/www.habe.euskadi.eus\/s23-4728\/es\/contenidos\/informacion\/komunika_maila_egiaz_deialdia\/es_def\/index.shtml#460\" target=\"_blank\">C2- Usuario experto<\/a>[:]<\/p>\n","protected":false},"excerpt":{"rendered":"<p>[:eu]HABEren bitartez, euskalduntze-maila guztiak egiazta daitezke (A1, A2, B1, B2, C1 eta C2). A1 eta A2 mailen kasuan, azterketak kurtsoan bertan egingo dira. Irakasleak abisatuko du noiz. Gainontzeko mailetan, datak, proben ordena, eta lekuak hauek dira: Akats-zuzenketa taulan: deialdi irekia edozein pertsonarentzat da, euskaltegiko ikaslea izan zein ez izan!!! ADI ibili matrikulaldiarekin!!! Irailaren 16tik 22ra [&hellip;]<\/p>\n","protected":false},"author":32,"featured_media":0,"parent":0,"menu_order":0,"comment_status":"closed","ping_status":"closed","template":"","meta":{"footnotes":""},"class_list":["post-2062","page","type-page","status-publish","czr-hentry"],"featured_image_src":null,"featured_image_src_square":null,"_links":{"self":[{"href":"http:\/\/www.aek.eus\/blogak\/bilbo\/wp-json\/wp\/v2\/pages\/2062","targetHints":{"allow":["GET"]}}],"collection":[{"href":"http:\/\/www.aek.eus\/blogak\/bilbo\/wp-json\/wp\/v2\/pages"}],"about":[{"href":"http:\/\/www.aek.eus\/blogak\/bilbo\/wp-json\/wp\/v2\/types\/page"}],"author":[{"embeddable":true,"href":"http:\/\/www.aek.eus\/blogak\/bilbo\/wp-json\/wp\/v2\/users\/32"}],"replies":[{"embeddable":true,"href":"http:\/\/www.aek.eus\/blogak\/bilbo\/wp-json\/wp\/v2\/comments?post=2062"}],"version-history":[{"count":4,"href":"http:\/\/www.aek.eus\/blogak\/bilbo\/wp-json\/wp\/v2\/pages\/2062\/revisions"}],"predecessor-version":[{"id":2187,"href":"http:\/\/www.aek.eus\/blogak\/bilbo\/wp-json\/wp\/v2\/pages\/2062\/revisions\/2187"}],"wp:attachment":[{"href":"http:\/\/www.aek.eus\/blogak\/bilbo\/wp-json\/wp\/v2\/media?parent=2062"}],"curies":[{"name":"wp","href":"https:\/\/api.w.org\/{rel}","templated":true}]}}