{"id":3668,"date":"2022-11-03T10:34:48","date_gmt":"2022-11-03T09:34:48","guid":{"rendered":"http:\/\/www.aek.eus\/blogak\/bilbo\/?page_id=3668"},"modified":"2025-10-23T16:27:45","modified_gmt":"2025-10-23T14:27:45","slug":"hasiera-orria","status":"publish","type":"page","link":"http:\/\/www.aek.eus\/blogak\/bilbo\/hasiera-orria\/","title":{"rendered":"Hasiera"},"content":{"rendered":"\n<figure class=\"wp-block-image size-large\"><a href=\"https:\/\/www.aek.eus\/blogak\/bilbo\/files\/2025\/09\/bilboblog.jpg\"><img loading=\"lazy\" decoding=\"async\" width=\"625\" height=\"1024\" src=\"https:\/\/www.aek.eus\/blogak\/bilbo\/files\/2025\/09\/bilboblog-625x1024.jpg\" alt=\"\" class=\"wp-image-4533\" srcset=\"http:\/\/www.aek.eus\/blogak\/bilbo\/files\/2025\/09\/bilboblog-625x1024.jpg 625w, http:\/\/www.aek.eus\/blogak\/bilbo\/files\/2025\/09\/bilboblog-183x300.jpg 183w, http:\/\/www.aek.eus\/blogak\/bilbo\/files\/2025\/09\/bilboblog-768x1258.jpg 768w, http:\/\/www.aek.eus\/blogak\/bilbo\/files\/2025\/09\/bilboblog-938x1536.jpg 938w, http:\/\/www.aek.eus\/blogak\/bilbo\/files\/2025\/09\/bilboblog.jpg 1071w\" sizes=\"auto, (max-width: 625px) 100vw, 625px\" \/><\/a><\/figure>\n\n\n\n<a name=\"nor-non\"><\/a>\n\n\n\n<h2 class=\"wp-block-heading\">[:eu]Nor gara? Non gaude?[:es]\u00bfQui\u00e9nes somos? \u00bfD\u00f3nde estamos?[:]<\/h2>\n\n\n\n<div class=\"wp-block-columns is-layout-flex wp-container-core-columns-is-layout-9d6595d7 wp-block-columns-is-layout-flex\">\n<div class=\"wp-block-column is-layout-flow wp-block-column-is-layout-flow\" style=\"flex-basis:33.33%\">\n<figure class=\"wp-block-image size-large\"><img loading=\"lazy\" decoding=\"async\" width=\"250\" height=\"250\" src=\"https:\/\/www.aek.eus\/blogak\/bilbo\/files\/2022\/11\/logo-aek.png\" alt=\"\" class=\"wp-image-3672\" srcset=\"http:\/\/www.aek.eus\/blogak\/bilbo\/files\/2022\/11\/logo-aek.png 250w, http:\/\/www.aek.eus\/blogak\/bilbo\/files\/2022\/11\/logo-aek-150x150.png 150w\" sizes=\"auto, (max-width: 250px) 100vw, 250px\" \/><\/figure>\n<\/div>\n\n\n\n<div class=\"wp-block-column is-layout-flow wp-block-column-is-layout-flow\" style=\"flex-basis:66.66%\">\n<blockquote class=\"wp-block-quote is-layout-flow wp-block-quote-is-layout-flow\">\n<p>[:eu]Bilboko AEK 7 euskaltegik osatzen dugu. Gure helburua Bilboko biztanle guztiek euskara ezagutzea eta egunerokoan normaltasunez erabiltzea da.<\/p>\n\n\n\n<p>Horretarako, euskararen normalizaziorako eremu guztietan aritzen da: ezagutza, erabilera eta sustapena.<br><br>[:es]Siete euskaltegis forman Bilboko AEK. Nuestro objetivo es que toda la poblaci\u00f3n de Bilbao conozcan el euskera y lo utilicen con normalidad en el d\u00eda a d\u00eda.<\/p>\n\n\n\n<p>Para ello trabajamos en todos los \u00e1mbitos de la normalizaci\u00f3n del euskera: conocimiento, uso y promoci\u00f3n.<br>[:]<\/p>\n<\/blockquote>\n<\/div>\n<\/div>\n\n\n\n<div class=\"wp-block-columns is-layout-flex wp-container-core-columns-is-layout-9d6595d7 wp-block-columns-is-layout-flex\">\n<div class=\"wp-block-column is-layout-flow wp-block-column-is-layout-flow\" style=\"flex-basis:66.66%\"><\/div>\n\n\n\n<div class=\"wp-block-column is-layout-flow wp-block-column-is-layout-flow\" style=\"flex-basis:33.33%\">\n<div class=\"wp-block-atomic-blocks-ab-accordion ab-block-accordion\"><details><summary class=\"ab-accordion-title\"><strong>Indautxu<br\/><\/strong><\/summary><div class=\"ab-accordion-text\">\n<p><strong>INDAUTXU AEK EUSKALTEGIA<\/strong><br>Urkixo 88<br>94 441 34 74 \/ 607 617 940<br>indautxu@aek.eus<\/p>\n<\/div><\/details><\/div>\n\n\n\n<div class=\"wp-block-atomic-blocks-ab-accordion ab-block-accordion\"><details><summary class=\"ab-accordion-title\"><strong>Lizardi<\/strong><\/summary><div class=\"ab-accordion-text\">\n<p><strong>LIZARDI AEK EUSKALTEGIA<\/strong><br>Txakur kalea 1<br>94 416 82 00<br>lizardi@aek.eus<\/p>\n<\/div><\/details><\/div>\n\n\n\n<div class=\"wp-block-atomic-blocks-ab-accordion ab-block-accordion\"><details><summary class=\"ab-accordion-title\"><strong>Matxintxu-Larrako<\/strong><\/summary><div class=\"ab-accordion-text\">\n<p><strong>MATXINTXU AEK (Deustua)<\/strong><br>Ramon y Cajal 8<br>94 475 22 33<br>matxintxu@aek.eus<\/p>\n\n\n\n<p><strong>LARRAKO AEK (San Inazio)<\/strong><br>Larrako torre 24<br>600 585 522<br>larrako@aek.eus<\/p>\n<\/div><\/details><\/div>\n\n\n\n<div class=\"wp-block-atomic-blocks-ab-accordion ab-block-accordion\"><details><summary class=\"ab-accordion-title\"><strong>Santutxu<\/strong><\/summary><div class=\"ab-accordion-text\">\n<p><strong>SANTUTXUKO AEK EUSKALTEGIA<\/strong><br>Arbidea 21<br>663 06 56 34<br>santutxu@aek.eus<\/p>\n<\/div><\/details><\/div>\n\n\n\n<div class=\"wp-block-atomic-blocks-ab-accordion ab-block-accordion\"><details><summary class=\"ab-accordion-title\"><strong>Zorrotza<\/strong><\/summary><div class=\"ab-accordion-text\">\n<p><strong>ZORROTZAKO AEK EUSKALTEGIA<\/strong><br>Zalbidea 7<br>94 441 49 20<br>zorrotza@aek.eus<\/p>\n<\/div><\/details><\/div>\n<\/div>\n<\/div>\n\n\n\n<a name=\"ikastaroak\"><\/a>\n\n\n\n<h2 class=\"wp-block-heading\">[:eu]Ikastaroak[:es]Cursos[:]<\/h2>\n\n\n\n<div class=\"wp-block-columns is-layout-flex wp-container-core-columns-is-layout-9d6595d7 wp-block-columns-is-layout-flex\">\n<div class=\"wp-block-column is-layout-flow wp-block-column-is-layout-flow\">\n<p>[:eu]Hemen 25\/26ko ikastaroak:[:es]Cursos 24\/25[:]<\/p>\n<\/div>\n\n\n\n<div class=\"wp-block-column is-layout-flow wp-block-column-is-layout-flow\">\n<ul class=\"wp-block-list\"><\/ul>\n\n\n\n<ul class=\"wp-block-list\">\n<li><a href=\"http:\/\/www.aek.eus\/blogak\/bilbo\/files\/2025\/09\/indautxu-25-26.pdf\">Indautxu<\/a><\/li>\n\n\n\n<li><a href=\"http:\/\/www.aek.eus\/blogak\/bilbo\/files\/2025\/09\/lizardi-25-26.pdf\" data-type=\"URL\" target=\"_blank\" rel=\"noreferrer noopener\">Lizardi<\/a><\/li>\n\n\n\n<li><a href=\"http:\/\/www.aek.eus\/blogak\/bilbo\/files\/2025\/09\/zorrotza-25-26.pdf\">Zorrotza<\/a><\/li>\n\n\n\n<li><a href=\"http:\/\/www.aek.eus\/blogak\/bilbo\/files\/2025\/09\/info-25-26.pdf\" target=\"_blank\" rel=\"noreferrer noopener\">Santutxu<\/a><\/li>\n\n\n\n<li><a href=\"http:\/\/www.aek.eus\/blogak\/bilbo\/files\/2024\/09\/Matxintxu-Larrako2425.pdf\" target=\"_blank\" rel=\"noreferrer noopener\">Matxintxu-Larrako<\/a> <ul>  <\/ul> \n<ul class=\"wp-block-list\"><\/ul>\n<\/li>\n<\/ul>\n<\/div>\n<\/div>\n\n\n\n<a name=\"form\"><\/a>\n\n\n\n<h2 class=\"wp-block-heading\">[:eu]Harremanetarako[:es]Contacto[:]<\/h2>\n\n\n\n<div class='fluentform ff-default fluentform_wrapper_1 ffs_default_wrap'><form data-form_id=\"1\" id=\"fluentform_1\" class=\"frm-fluent-form fluent_form_1 ff-el-form-top ff_form_instance_1_1 ff-form-loading ffs_default\" data-form_instance=\"ff_form_instance_1_1\" method=\"POST\" ><fieldset  style=\"border: none!important;margin: 0!important;padding: 0!important;background-color: transparent!important;box-shadow: none!important;outline: none!important; min-inline-size: 100%;\">\n                    <legend class=\"ff_screen_reader_title\" style=\"display: block; margin: 0!important;padding: 0!important;height: 0!important;text-indent: -999999px;width: 0!important;overflow:hidden;\">Harremanetarako<\/legend><input type='hidden' name='__fluent_form_embded_post_id' value='3668' \/><input type=\"hidden\" id=\"_fluentform_1_fluentformnonce\" name=\"_fluentform_1_fluentformnonce\" value=\"48c8fb45ce\" \/><input type=\"hidden\" name=\"_wp_http_referer\" value=\"\/blogak\/bilbo\/wp-json\/wp\/v2\/pages\/3668\" \/><div data-type=\"name-element\" data-name=\"names\" class=\" ff-field_container ff-name-field-wrapper\" ><div class='ff-t-container'><div class='ff-t-cell '><div class='ff-el-group'><div class=\"ff-el-input--label asterisk-right\"><label for='ff_1_names_first_name_' >Izena \/ Nombre<\/label><\/div><div class='ff-el-input--content'><input type=\"text\" name=\"names[first_name]\" id=\"ff_1_names_first_name_\" class=\"ff-el-form-control\" placeholder=\"Izena\" aria-invalid=\"false\" aria-required=false><\/div><\/div><\/div><div class='ff-t-cell '><div class='ff-el-group'><div class=\"ff-el-input--label asterisk-right\"><label for='ff_1_names_last_name_' >Abizenak \/ Apellidos<\/label><\/div><div class='ff-el-input--content'><input type=\"text\" name=\"names[last_name]\" id=\"ff_1_names_last_name_\" class=\"ff-el-form-control\" placeholder=\"Abizenak\" aria-invalid=\"false\" aria-required=false><\/div><\/div><\/div><\/div><\/div><div class='ff-el-group'><div class=\"ff-el-input--label ff-el-is-required asterisk-right\"><label for='ff_1_email' aria-label=\"E-posta helbidea \/ Correo electr\u00f3nico\">E-posta helbidea \/ Correo electr\u00f3nico<\/label><\/div><div class='ff-el-input--content'><input type=\"email\" name=\"email\" id=\"ff_1_email\" class=\"ff-el-form-control\" placeholder=\"E-posta helbidea \" data-name=\"email\"  aria-invalid=\"false\" aria-required=true><\/div><\/div><div class='ff-el-group'><div class=\"ff-el-input--label asterisk-right\"><label for='ff_1_subject' aria-label=\"Gaia \/ Asunto\">Gaia \/ Asunto<\/label><\/div><div class='ff-el-input--content'><input type=\"text\" name=\"subject\" class=\"ff-el-form-control\" placeholder=\"Gaia\" data-name=\"subject\" id=\"ff_1_subject\"  aria-invalid=\"false\" aria-required=false><\/div><\/div><div class='ff-el-group'><div class=\"ff-el-input--label ff-el-is-required asterisk-right\"><label for='ff_1_message' aria-label=\"Mezua \/ Mensaje\">Mezua \/ Mensaje<\/label><\/div><div class='ff-el-input--content'><textarea aria-invalid=\"false\" aria-required=true name=\"message\" id=\"ff_1_message\" class=\"ff-el-form-control\" placeholder=\"Mezua\" rows=\"4\" cols=\"2\" data-name=\"message\" ><\/textarea><\/div><\/div><div class='ff-el-group ff-text-left ff_submit_btn_wrapper'><button type=\"submit\" class=\"ff-btn ff-btn-submit ff-btn-md ff_btn_style\" >Bidali \/ Enviar<\/button><\/div><\/fieldset><\/form><div id='fluentform_1_errors' class='ff-errors-in-stack ff_form_instance_1_1 ff-form-loading_errors ff_form_instance_1_1_errors'><\/div><\/div>        <script type=\"text\/javascript\">\n            window.fluent_form_ff_form_instance_1_1 = {\"id\":\"1\",\"settings\":{\"layout\":{\"labelPlacement\":\"top\",\"helpMessagePlacement\":\"with_label\",\"errorMessagePlacement\":\"inline\",\"cssClassName\":\"\",\"asteriskPlacement\":\"asterisk-right\"},\"restrictions\":{\"denyEmptySubmission\":{\"enabled\":false}}},\"form_instance\":\"ff_form_instance_1_1\",\"form_id_selector\":\"fluentform_1\",\"rules\":{\"names[first_name]\":{\"required\":{\"value\":false,\"message\":\"This field is required\"}},\"names[middle_name]\":{\"required\":{\"value\":false,\"message\":\"This field is required\"}},\"names[last_name]\":{\"required\":{\"value\":false,\"message\":\"This field is required\"}},\"email\":{\"required\":{\"value\":true,\"message\":\"Testu eremu hau derrigorrezkoa da\"},\"email\":{\"value\":true,\"message\":\"Testu eremu honetan E-posta helbidea idatzi behar duzu\"}},\"subject\":{\"required\":{\"value\":false,\"message\":\"This field is required\"}},\"message\":{\"required\":{\"value\":true,\"message\":\"Testu eremu hau derrigorrezkoa da\"}}},\"debounce_time\":300};\n                    <\/script>\n        \n\n\n\n<p><\/p>\n","protected":false},"excerpt":{"rendered":"<p>[:eu]Nor gara? Non gaude?[:es]\u00bfQui\u00e9nes somos? \u00bfD\u00f3nde estamos?[:] [:eu]Bilboko AEK 7 euskaltegik osatzen dugu. Gure helburua Bilboko biztanle guztiek euskara ezagutzea eta egunerokoan normaltasunez erabiltzea da. Horretarako, euskararen normalizaziorako eremu guztietan aritzen da: ezagutza, erabilera eta sustapena. [:es]Siete euskaltegis forman Bilboko AEK. Nuestro objetivo es que toda la poblaci\u00f3n de Bilbao conozcan el euskera y lo [&hellip;]<\/p>\n","protected":false},"author":34,"featured_media":0,"parent":0,"menu_order":0,"comment_status":"closed","ping_status":"closed","template":"","meta":{"footnotes":""},"class_list":["post-3668","page","type-page","status-publish","czr-hentry"],"featured_image_src":null,"featured_image_src_square":null,"_links":{"self":[{"href":"http:\/\/www.aek.eus\/blogak\/bilbo\/wp-json\/wp\/v2\/pages\/3668","targetHints":{"allow":["GET"]}}],"collection":[{"href":"http:\/\/www.aek.eus\/blogak\/bilbo\/wp-json\/wp\/v2\/pages"}],"about":[{"href":"http:\/\/www.aek.eus\/blogak\/bilbo\/wp-json\/wp\/v2\/types\/page"}],"author":[{"embeddable":true,"href":"http:\/\/www.aek.eus\/blogak\/bilbo\/wp-json\/wp\/v2\/users\/34"}],"replies":[{"embeddable":true,"href":"http:\/\/www.aek.eus\/blogak\/bilbo\/wp-json\/wp\/v2\/comments?post=3668"}],"version-history":[{"count":95,"href":"http:\/\/www.aek.eus\/blogak\/bilbo\/wp-json\/wp\/v2\/pages\/3668\/revisions"}],"predecessor-version":[{"id":4537,"href":"http:\/\/www.aek.eus\/blogak\/bilbo\/wp-json\/wp\/v2\/pages\/3668\/revisions\/4537"}],"wp:attachment":[{"href":"http:\/\/www.aek.eus\/blogak\/bilbo\/wp-json\/wp\/v2\/media?parent=3668"}],"curies":[{"name":"wp","href":"https:\/\/api.w.org\/{rel}","templated":true}]}}