{"id":1374,"date":"2015-12-20T21:27:55","date_gmt":"2015-12-20T20:27:55","guid":{"rendered":"http:\/\/www.aek.eus\/blogak\/bilbo\/?page_id=1374"},"modified":"2019-09-03T18:31:17","modified_gmt":"2019-09-03T16:31:17","slug":"uda-2016","status":"publish","type":"page","link":"https:\/\/www.aek.eus\/blogak\/bilbo\/uda-2016\/","title":{"rendered":"[:eu]Ikastaroak urritik ekainera[:es]Cursos de octubre a junio[:]"},"content":{"rendered":"<p>[:eu]<\/p>\n<h3 style=\"text-align: center\">Beheko orrian aurkituko dituzue 19\/20 ikasturtean urritik ekainera arte eskaintzen ditugun ikastaroak!!!<\/h3>\n<p style=\"text-align: center\">Zalantzarik baduzu eta informazio zehatzagoa nahi baduzu, hurbildu zaitez AEK-ko edozein euskaltegitara! Kontakturako informazioa goiko menuan daukazu!<\/p>\n<h3><a href=\"http:\/\/www.aek.eus\/blogak\/bilbo\/files\/2019\/09\/Bilbo-19-20_page-0001.jpg\"><img loading=\"lazy\" decoding=\"async\" class=\" wp-image-2683 alignleft\" src=\"http:\/\/www.aek.eus\/blogak\/bilbo\/files\/2019\/09\/Bilbo-19-20_page-0001-724x1024.jpg\" alt=\"\" width=\"584\" height=\"826\" srcset=\"https:\/\/www.aek.eus\/blogak\/bilbo\/files\/2019\/09\/Bilbo-19-20_page-0001-724x1024.jpg 724w, https:\/\/www.aek.eus\/blogak\/bilbo\/files\/2019\/09\/Bilbo-19-20_page-0001-212x300.jpg 212w, https:\/\/www.aek.eus\/blogak\/bilbo\/files\/2019\/09\/Bilbo-19-20_page-0001-768x1087.jpg 768w, https:\/\/www.aek.eus\/blogak\/bilbo\/files\/2019\/09\/Bilbo-19-20_page-0001.jpg 1240w\" sizes=\"auto, (max-width: 584px) 100vw, 584px\" \/><\/a><a href=\"http:\/\/www.aek.eus\/blogak\/bilbo\/files\/2019\/09\/Bilbo-19-20_page-0002.jpg\"><img loading=\"lazy\" decoding=\"async\" class=\"wp-image-2684 alignleft\" src=\"http:\/\/www.aek.eus\/blogak\/bilbo\/files\/2019\/09\/Bilbo-19-20_page-0002-724x1024.jpg\" alt=\"\" width=\"600\" height=\"848\" srcset=\"https:\/\/www.aek.eus\/blogak\/bilbo\/files\/2019\/09\/Bilbo-19-20_page-0002-724x1024.jpg 724w, https:\/\/www.aek.eus\/blogak\/bilbo\/files\/2019\/09\/Bilbo-19-20_page-0002-212x300.jpg 212w, https:\/\/www.aek.eus\/blogak\/bilbo\/files\/2019\/09\/Bilbo-19-20_page-0002-768x1087.jpg 768w, https:\/\/www.aek.eus\/blogak\/bilbo\/files\/2019\/09\/Bilbo-19-20_page-0002.jpg 1240w\" sizes=\"auto, (max-width: 600px) 100vw, 600px\" \/><\/a><\/h3>\n<h3><\/h3>\n<h3 style=\"text-align: center\"><\/h3>\n<p>&nbsp;[:es]<\/p>\n<h3 style=\"text-align: center\">Debajo de estas l\u00edneas tienes un resumen de los cursos que ofrecemos para el\u00a0 curso 19\/20. Si tienes algunas duda, no dudes en contactar con nosotr@s o en acudir a cualquiera de nuestros euskaltegis AEK de Bilbao. Tienes toda las informaci\u00f3n de contacto que necesitas en las pesta\u00f1as del men\u00fa superior.<\/h3>\n<p><a href=\"http:\/\/www.aek.eus\/blogak\/bilbo\/files\/2019\/09\/Bilbo-19-20_page-0001.jpg\"><img loading=\"lazy\" decoding=\"async\" class=\" wp-image-2683 alignleft\" src=\"http:\/\/www.aek.eus\/blogak\/bilbo\/files\/2019\/09\/Bilbo-19-20_page-0001-724x1024.jpg\" alt=\"\" width=\"587\" height=\"830\" srcset=\"https:\/\/www.aek.eus\/blogak\/bilbo\/files\/2019\/09\/Bilbo-19-20_page-0001-724x1024.jpg 724w, https:\/\/www.aek.eus\/blogak\/bilbo\/files\/2019\/09\/Bilbo-19-20_page-0001-212x300.jpg 212w, https:\/\/www.aek.eus\/blogak\/bilbo\/files\/2019\/09\/Bilbo-19-20_page-0001-768x1087.jpg 768w, https:\/\/www.aek.eus\/blogak\/bilbo\/files\/2019\/09\/Bilbo-19-20_page-0001.jpg 1240w\" sizes=\"auto, (max-width: 587px) 100vw, 587px\" \/><\/a> <a href=\"http:\/\/www.aek.eus\/blogak\/bilbo\/files\/2019\/09\/Bilbo-19-20_page-0002.jpg\"><img loading=\"lazy\" decoding=\"async\" class=\" wp-image-2684 alignleft\" src=\"http:\/\/www.aek.eus\/blogak\/bilbo\/files\/2019\/09\/Bilbo-19-20_page-0002-724x1024.jpg\" alt=\"\" width=\"594\" height=\"840\" srcset=\"https:\/\/www.aek.eus\/blogak\/bilbo\/files\/2019\/09\/Bilbo-19-20_page-0002-724x1024.jpg 724w, https:\/\/www.aek.eus\/blogak\/bilbo\/files\/2019\/09\/Bilbo-19-20_page-0002-212x300.jpg 212w, https:\/\/www.aek.eus\/blogak\/bilbo\/files\/2019\/09\/Bilbo-19-20_page-0002-768x1087.jpg 768w, https:\/\/www.aek.eus\/blogak\/bilbo\/files\/2019\/09\/Bilbo-19-20_page-0002.jpg 1240w\" sizes=\"auto, (max-width: 594px) 100vw, 594px\" \/><\/a><\/p>\n<p>&nbsp;<\/p>\n<p>&nbsp;<\/p>\n<p>&nbsp;<\/p>\n<p>&nbsp;<\/p>\n<p>&nbsp;<\/p>\n<p>&nbsp;<\/p>\n<p>&nbsp;<\/p>\n<p>&nbsp;<\/p>\n<p>&nbsp;<\/p>\n<p>&nbsp;<\/p>\n<p>&nbsp;<\/p>\n<p>&nbsp;<\/p>\n<p>&nbsp;<\/p>\n<p>&nbsp;<\/p>\n<p>&nbsp;<\/p>\n<p>&nbsp;<\/p>\n<p>&nbsp;<\/p>\n<p>&nbsp;[:]<\/p>\n","protected":false},"excerpt":{"rendered":"<p>[:eu] Beheko orrian aurkituko dituzue 19\/20 ikasturtean urritik ekainera arte eskaintzen ditugun ikastaroak!!! Zalantzarik baduzu eta informazio zehatzagoa nahi baduzu, hurbildu zaitez AEK-ko edozein euskaltegitara! Kontakturako informazioa goiko menuan daukazu! &nbsp;[:es] Debajo de estas l\u00edneas tienes un resumen de los cursos que ofrecemos para el\u00a0 curso 19\/20. Si tienes algunas duda, no dudes en contactar [&hellip;]<\/p>\n","protected":false},"author":32,"featured_media":0,"parent":0,"menu_order":0,"comment_status":"closed","ping_status":"open","template":"","meta":{"footnotes":""},"class_list":["post-1374","page","type-page","status-publish","czr-hentry"],"featured_image_src":null,"featured_image_src_square":null,"_links":{"self":[{"href":"https:\/\/www.aek.eus\/blogak\/bilbo\/wp-json\/wp\/v2\/pages\/1374","targetHints":{"allow":["GET"]}}],"collection":[{"href":"https:\/\/www.aek.eus\/blogak\/bilbo\/wp-json\/wp\/v2\/pages"}],"about":[{"href":"https:\/\/www.aek.eus\/blogak\/bilbo\/wp-json\/wp\/v2\/types\/page"}],"author":[{"embeddable":true,"href":"https:\/\/www.aek.eus\/blogak\/bilbo\/wp-json\/wp\/v2\/users\/32"}],"replies":[{"embeddable":true,"href":"https:\/\/www.aek.eus\/blogak\/bilbo\/wp-json\/wp\/v2\/comments?post=1374"}],"version-history":[{"count":16,"href":"https:\/\/www.aek.eus\/blogak\/bilbo\/wp-json\/wp\/v2\/pages\/1374\/revisions"}],"predecessor-version":[{"id":2685,"href":"https:\/\/www.aek.eus\/blogak\/bilbo\/wp-json\/wp\/v2\/pages\/1374\/revisions\/2685"}],"wp:attachment":[{"href":"https:\/\/www.aek.eus\/blogak\/bilbo\/wp-json\/wp\/v2\/media?parent=1374"}],"curies":[{"name":"wp","href":"https:\/\/api.w.org\/{rel}","templated":true}]}}