{"id":1571,"date":"2016-01-07T23:22:29","date_gmt":"2016-01-07T22:22:29","guid":{"rendered":"http:\/\/www.aek.eus\/blogak\/bilbo\/?page_id=1571"},"modified":"2025-12-18T11:57:23","modified_gmt":"2025-12-18T10:57:23","slug":"gure-euskaltegiak-3","status":"publish","type":"page","link":"https:\/\/www.aek.eus\/blogak\/bilbo\/gure-euskaltegiak-3\/","title":{"rendered":"[:eu]25-26 ikasturterako MATRIKULAZIOA zabalik!![:es]abierto el plazo de MATRICULACION para el curso 25-26[:]"},"content":{"rendered":"\n<p>[:eu]Bilboko euskaltegi guztietan badaukagu zabalik datorren ikasturterako matrikulazioa. Irailean zehar, gertuen daukazuen euskaltegira hurbildu, gurekin euskara eroso biziko duzue eta! Sei euskaltegi gara Bilbon, etorri eta eman izena! Ez utzi azken egunera arte!! [:ES] Ya tenemos abierto en los euskaltegis de Bilbao el plazo para hacer la MATRICULA para el curso 25-26. Durante septiembre podeis acercaros a cualquiera de los seis centros que tenemos en Bilbao, con nosotras el euskara se vive c\u00f3modamente. No lo dejeis para el \u00faltimo d\u00eda! [:]<\/p>\n\n\n\n<figure class=\"wp-block-image size-large is-resized\"><a href=\"https:\/\/www.aek.eus\/blogak\/bilbo\/files\/2025\/09\/04_320X470_Bilbo_page-0001-scaled.jpg\"><img loading=\"lazy\" decoding=\"async\" width=\"697\" height=\"1024\" src=\"https:\/\/www.aek.eus\/blogak\/bilbo\/files\/2025\/09\/04_320X470_Bilbo_page-0001-697x1024.jpg\" alt=\"\" class=\"wp-image-4479\" style=\"width:692px;height:auto\" srcset=\"https:\/\/www.aek.eus\/blogak\/bilbo\/files\/2025\/09\/04_320X470_Bilbo_page-0001-697x1024.jpg 697w, https:\/\/www.aek.eus\/blogak\/bilbo\/files\/2025\/09\/04_320X470_Bilbo_page-0001-204x300.jpg 204w, https:\/\/www.aek.eus\/blogak\/bilbo\/files\/2025\/09\/04_320X470_Bilbo_page-0001-768x1128.jpg 768w, https:\/\/www.aek.eus\/blogak\/bilbo\/files\/2025\/09\/04_320X470_Bilbo_page-0001-1046x1536.jpg 1046w, https:\/\/www.aek.eus\/blogak\/bilbo\/files\/2025\/09\/04_320X470_Bilbo_page-0001-1394x2048.jpg 1394w, https:\/\/www.aek.eus\/blogak\/bilbo\/files\/2025\/09\/04_320X470_Bilbo_page-0001-scaled.jpg 1743w\" sizes=\"auto, (max-width: 697px) 100vw, 697px\" \/><\/a><\/figure>\n\n\n\n<p><br><br><img loading=\"lazy\" decoding=\"async\" width=\"2560\" height=\"1718\" class=\"wp-image-3056\" style=\"width: 800px\" src=\"http:\/\/www.aek.eus\/blogak\/bilbo\/files\/2021\/05\/Euskaltegien-mapa-scaled.jpg\" alt=\"\" srcset=\"https:\/\/www.aek.eus\/blogak\/bilbo\/files\/2021\/05\/Euskaltegien-mapa-scaled.jpg 2560w, https:\/\/www.aek.eus\/blogak\/bilbo\/files\/2021\/05\/Euskaltegien-mapa-300x201.jpg 300w, https:\/\/www.aek.eus\/blogak\/bilbo\/files\/2021\/05\/Euskaltegien-mapa-1024x687.jpg 1024w, https:\/\/www.aek.eus\/blogak\/bilbo\/files\/2021\/05\/Euskaltegien-mapa-768x515.jpg 768w, https:\/\/www.aek.eus\/blogak\/bilbo\/files\/2021\/05\/Euskaltegien-mapa-1536x1031.jpg 1536w, https:\/\/www.aek.eus\/blogak\/bilbo\/files\/2021\/05\/Euskaltegien-mapa-2048x1374.jpg 2048w\" sizes=\"auto, (max-width: 2560px) 100vw, 2560px\" \/><\/p>\n\n\n\n<p><a href=\"http:\/\/www.aek.eus\/blogak\/bilbo\/indautxu-2\/\"><strong>INDAUTXU AEK<\/strong><\/a><\/p>\n\n\n\n<p>Urkijo zumarkalea, 88-1 &#8211; 94 441 3474 \/ 607 617 940<\/p>\n\n\n\n<p>indautxu@aek.eus<\/p>\n\n\n\n<p><a rel=\"noreferrer noopener\" href=\"https:\/\/www.facebook.com\/indautxu.aek?ref=ts&amp;fref=ts\" target=\"_blank\">Facebook<\/a><\/p>\n\n\n\n<p><\/p>\n\n\n\n<p>Bulego ordutegia: astelehenetik ostiralera 10:30-13:30 (abenduaren 22tik urtarrilaren 7ra, itxita)<\/p>\n\n\n\n<p>Horario de oficina: 10:30-13:30 de lunes a viernes (cerrado del 22 de diciembre al 7 de enero)<\/p>\n\n\n\n<p><\/p>\n\n\n\n<figure class=\"wp-block-gallery has-nested-images columns-default is-cropped wp-block-gallery-1 is-layout-flex wp-block-gallery-is-layout-flex\">\n<figure class=\"wp-block-image size-large\"><a href=\"https:\/\/www.aek.eus\/blogak\/bilbo\/files\/2025\/12\/INDAUTXU-25-26-urtarriletik-aurrera_page-0001.jpg\"><img loading=\"lazy\" decoding=\"async\" width=\"725\" height=\"1024\" data-id=\"4555\" src=\"https:\/\/www.aek.eus\/blogak\/bilbo\/files\/2025\/12\/INDAUTXU-25-26-urtarriletik-aurrera_page-0001-725x1024.jpg\" alt=\"\" class=\"wp-image-4555\" srcset=\"https:\/\/www.aek.eus\/blogak\/bilbo\/files\/2025\/12\/INDAUTXU-25-26-urtarriletik-aurrera_page-0001-725x1024.jpg 725w, https:\/\/www.aek.eus\/blogak\/bilbo\/files\/2025\/12\/INDAUTXU-25-26-urtarriletik-aurrera_page-0001-212x300.jpg 212w, https:\/\/www.aek.eus\/blogak\/bilbo\/files\/2025\/12\/INDAUTXU-25-26-urtarriletik-aurrera_page-0001-768x1085.jpg 768w, https:\/\/www.aek.eus\/blogak\/bilbo\/files\/2025\/12\/INDAUTXU-25-26-urtarriletik-aurrera_page-0001-1087x1536.jpg 1087w, https:\/\/www.aek.eus\/blogak\/bilbo\/files\/2025\/12\/INDAUTXU-25-26-urtarriletik-aurrera_page-0001.jpg 1241w\" sizes=\"auto, (max-width: 725px) 100vw, 725px\" \/><\/a><\/figure>\n<\/figure>\n\n\n\n<figure class=\"wp-block-gallery has-nested-images columns-default is-cropped wp-block-gallery-2 is-layout-flex wp-block-gallery-is-layout-flex\">\n<figure class=\"wp-block-image size-large\"><img loading=\"lazy\" decoding=\"async\" width=\"1024\" height=\"768\" data-id=\"3147\" src=\"http:\/\/www.aek.eus\/blogak\/bilbo\/files\/2021\/05\/Indautxu2-1-1024x768.jpg\" alt=\"\" class=\"wp-image-3147\" srcset=\"https:\/\/www.aek.eus\/blogak\/bilbo\/files\/2021\/05\/Indautxu2-1-1024x768.jpg 1024w, https:\/\/www.aek.eus\/blogak\/bilbo\/files\/2021\/05\/Indautxu2-1-300x225.jpg 300w, https:\/\/www.aek.eus\/blogak\/bilbo\/files\/2021\/05\/Indautxu2-1-768x576.jpg 768w, https:\/\/www.aek.eus\/blogak\/bilbo\/files\/2021\/05\/Indautxu2-1-1536x1152.jpg 1536w, https:\/\/www.aek.eus\/blogak\/bilbo\/files\/2021\/05\/Indautxu2-1.jpg 2000w\" sizes=\"auto, (max-width: 1024px) 100vw, 1024px\" \/><\/figure>\n\n\n\n<figure class=\"wp-block-image size-large\"><img loading=\"lazy\" decoding=\"async\" width=\"1024\" height=\"768\" data-id=\"3148\" src=\"http:\/\/www.aek.eus\/blogak\/bilbo\/files\/2021\/05\/Indautxu3-1-1024x768.jpg\" alt=\"\" class=\"wp-image-3148\" srcset=\"https:\/\/www.aek.eus\/blogak\/bilbo\/files\/2021\/05\/Indautxu3-1-1024x768.jpg 1024w, https:\/\/www.aek.eus\/blogak\/bilbo\/files\/2021\/05\/Indautxu3-1-300x225.jpg 300w, https:\/\/www.aek.eus\/blogak\/bilbo\/files\/2021\/05\/Indautxu3-1-768x576.jpg 768w, https:\/\/www.aek.eus\/blogak\/bilbo\/files\/2021\/05\/Indautxu3-1-1536x1152.jpg 1536w, https:\/\/www.aek.eus\/blogak\/bilbo\/files\/2021\/05\/Indautxu3-1.jpg 2000w\" sizes=\"auto, (max-width: 1024px) 100vw, 1024px\" \/><\/figure>\n<\/figure>\n\n\n\n<hr class=\"wp-block-separator has-css-opacity\" \/>\n\n\n\n<hr class=\"wp-block-separator has-css-opacity\" \/>\n\n\n\n<p><a href=\"http:\/\/www.aek.eus\/blogak\/bilbo\/larrako\/\"><strong>LARRAKO AEK<\/strong><\/a><\/p>\n\n\n\n<p>Larrako Torre 24, 94 447 02 24<\/p>\n\n\n\n<p>larrako@aek.eus<\/p>\n\n\n\n<p>Iraileko matrikulazio ordutegia \/ Horario de matriculaci\u00f3n de septiembre:<\/p>\n\n\n\n<p>Irailaren 12ra arte: 10:00-14:00 hasta el 12 de septiembre<\/p>\n\n\n\n<p>Irailaren 15etik aurrera: 10:00-13:30 eta 16:30-19:00 desde el 15 de septiembre<\/p>\n\n\n\n<div class=\"wp-block-group\"><div class=\"wp-block-group__inner-container is-layout-constrained wp-block-group-is-layout-constrained\">\n<figure class=\"wp-block-gallery has-nested-images columns-default is-cropped wp-block-gallery-3 is-layout-flex wp-block-gallery-is-layout-flex\">\n<figure class=\"wp-block-image size-large\"><a href=\"https:\/\/www.aek.eus\/blogak\/bilbo\/files\/2025\/09\/matxintxu-larrako_page-0001.jpg\"><img loading=\"lazy\" decoding=\"async\" width=\"725\" height=\"1024\" data-id=\"4484\" src=\"https:\/\/www.aek.eus\/blogak\/bilbo\/files\/2025\/09\/matxintxu-larrako_page-0001-725x1024.jpg\" alt=\"\" class=\"wp-image-4484\" srcset=\"https:\/\/www.aek.eus\/blogak\/bilbo\/files\/2025\/09\/matxintxu-larrako_page-0001-725x1024.jpg 725w, https:\/\/www.aek.eus\/blogak\/bilbo\/files\/2025\/09\/matxintxu-larrako_page-0001-212x300.jpg 212w, https:\/\/www.aek.eus\/blogak\/bilbo\/files\/2025\/09\/matxintxu-larrako_page-0001-768x1085.jpg 768w, https:\/\/www.aek.eus\/blogak\/bilbo\/files\/2025\/09\/matxintxu-larrako_page-0001-1087x1536.jpg 1087w, https:\/\/www.aek.eus\/blogak\/bilbo\/files\/2025\/09\/matxintxu-larrako_page-0001.jpg 1241w\" sizes=\"auto, (max-width: 725px) 100vw, 725px\" \/><\/a><\/figure>\n<\/figure>\n<\/div><\/div>\n\n\n\n<hr class=\"wp-block-separator has-css-opacity\" \/>\n\n\n\n<p><a href=\"http:\/\/www.aek.eus\/blogak\/bilbo\/lizardi-aek\/\"><strong>&nbsp;LIZARDI AEK<\/strong><\/a><\/p>\n\n\n\n<p>Perro kalea 1-1, 94 416 8200<\/p>\n\n\n\n<p>lizardi@aek.eus<\/p>\n\n\n\n<p><a href=\"https:\/\/www.facebook.com\/lizardiaek.euskaltegia\/\">Facebook<\/a><br><br><a href=\"https:\/\/www.instagram.com\/lizardi_aek_euskaltegia\/\">Instagram<\/a><\/p>\n\n\n\n<p>Bulego ordutegia irailean \/ Horario oficina en septiembre:<\/p>\n\n\n\n<p>Irailaren 5era arte: 10:00-13:30 \/ Hasta el 5 de septiembre 10:00-13:30<\/p>\n\n\n\n<p>Irailaren 8tik aurrera 10:00-13:30 eta 16:30-19:00 \/ A partir del 8 de septiembre 10:00-13:30 y 16:30-19:00<\/p>\n\n\n\n<figure class=\"wp-block-gallery has-nested-images columns-default is-cropped wp-block-gallery-4 is-layout-flex wp-block-gallery-is-layout-flex\">\n<figure class=\"wp-block-image size-large\"><a href=\"https:\/\/www.aek.eus\/blogak\/bilbo\/files\/2025\/09\/A1_A2-LIZARDI-25-26_page-0001-1.jpg\"><img loading=\"lazy\" decoding=\"async\" width=\"725\" height=\"1024\" data-id=\"4488\" src=\"https:\/\/www.aek.eus\/blogak\/bilbo\/files\/2025\/09\/A1_A2-LIZARDI-25-26_page-0001-1-725x1024.jpg\" alt=\"\" class=\"wp-image-4488\" srcset=\"https:\/\/www.aek.eus\/blogak\/bilbo\/files\/2025\/09\/A1_A2-LIZARDI-25-26_page-0001-1-725x1024.jpg 725w, https:\/\/www.aek.eus\/blogak\/bilbo\/files\/2025\/09\/A1_A2-LIZARDI-25-26_page-0001-1-212x300.jpg 212w, https:\/\/www.aek.eus\/blogak\/bilbo\/files\/2025\/09\/A1_A2-LIZARDI-25-26_page-0001-1-768x1085.jpg 768w, https:\/\/www.aek.eus\/blogak\/bilbo\/files\/2025\/09\/A1_A2-LIZARDI-25-26_page-0001-1-1087x1536.jpg 1087w, https:\/\/www.aek.eus\/blogak\/bilbo\/files\/2025\/09\/A1_A2-LIZARDI-25-26_page-0001-1.jpg 1241w\" sizes=\"auto, (max-width: 725px) 100vw, 725px\" \/><\/a><\/figure>\n\n\n\n<figure class=\"wp-block-image size-large\"><a href=\"https:\/\/www.aek.eus\/blogak\/bilbo\/files\/2025\/09\/LIZARDI-AEK-25-26_page-0001-1.jpg\"><img loading=\"lazy\" decoding=\"async\" width=\"725\" height=\"1024\" data-id=\"4489\" src=\"https:\/\/www.aek.eus\/blogak\/bilbo\/files\/2025\/09\/LIZARDI-AEK-25-26_page-0001-1-725x1024.jpg\" alt=\"\" class=\"wp-image-4489\" srcset=\"https:\/\/www.aek.eus\/blogak\/bilbo\/files\/2025\/09\/LIZARDI-AEK-25-26_page-0001-1-725x1024.jpg 725w, https:\/\/www.aek.eus\/blogak\/bilbo\/files\/2025\/09\/LIZARDI-AEK-25-26_page-0001-1-212x300.jpg 212w, https:\/\/www.aek.eus\/blogak\/bilbo\/files\/2025\/09\/LIZARDI-AEK-25-26_page-0001-1-768x1085.jpg 768w, https:\/\/www.aek.eus\/blogak\/bilbo\/files\/2025\/09\/LIZARDI-AEK-25-26_page-0001-1-1087x1536.jpg 1087w, https:\/\/www.aek.eus\/blogak\/bilbo\/files\/2025\/09\/LIZARDI-AEK-25-26_page-0001-1.jpg 1241w\" sizes=\"auto, (max-width: 725px) 100vw, 725px\" \/><\/a><\/figure>\n<\/figure>\n\n\n\n<figure class=\"wp-block-gallery has-nested-images columns-default is-cropped wp-block-gallery-5 is-layout-flex wp-block-gallery-is-layout-flex\">\n<figure class=\"wp-block-image size-large\"><img loading=\"lazy\" decoding=\"async\" width=\"1024\" height=\"576\" data-id=\"3149\" src=\"https:\/\/www.aek.eus\/blogak\/bilbo\/files\/2021\/05\/Lizardi1-1024x576.jpg\" alt=\"\" class=\"wp-image-3149\" srcset=\"https:\/\/www.aek.eus\/blogak\/bilbo\/files\/2021\/05\/Lizardi1-1024x576.jpg 1024w, https:\/\/www.aek.eus\/blogak\/bilbo\/files\/2021\/05\/Lizardi1-300x169.jpg 300w, https:\/\/www.aek.eus\/blogak\/bilbo\/files\/2021\/05\/Lizardi1-768x432.jpg 768w, https:\/\/www.aek.eus\/blogak\/bilbo\/files\/2021\/05\/Lizardi1-1536x864.jpg 1536w, https:\/\/www.aek.eus\/blogak\/bilbo\/files\/2021\/05\/Lizardi1-1110x624.jpg 1110w, https:\/\/www.aek.eus\/blogak\/bilbo\/files\/2021\/05\/Lizardi1-528x297.jpg 528w, https:\/\/www.aek.eus\/blogak\/bilbo\/files\/2021\/05\/Lizardi1.jpg 2048w\" sizes=\"auto, (max-width: 1024px) 100vw, 1024px\" \/><\/figure>\n\n\n\n<figure class=\"wp-block-image size-large\"><img loading=\"lazy\" decoding=\"async\" width=\"375\" height=\"500\" data-id=\"3150\" src=\"https:\/\/www.aek.eus\/blogak\/bilbo\/files\/2021\/05\/Lizardi2.jpeg\" alt=\"\" class=\"wp-image-3150\" srcset=\"https:\/\/www.aek.eus\/blogak\/bilbo\/files\/2021\/05\/Lizardi2.jpeg 375w, https:\/\/www.aek.eus\/blogak\/bilbo\/files\/2021\/05\/Lizardi2-225x300.jpeg 225w\" sizes=\"auto, (max-width: 375px) 100vw, 375px\" \/><\/figure>\n\n\n\n<figure class=\"wp-block-image size-large\"><img loading=\"lazy\" decoding=\"async\" width=\"1024\" height=\"768\" data-id=\"3151\" src=\"https:\/\/www.aek.eus\/blogak\/bilbo\/files\/2021\/05\/Lizardi3-1024x768.jpg\" alt=\"\" class=\"wp-image-3151\" srcset=\"https:\/\/www.aek.eus\/blogak\/bilbo\/files\/2021\/05\/Lizardi3-1024x768.jpg 1024w, https:\/\/www.aek.eus\/blogak\/bilbo\/files\/2021\/05\/Lizardi3-300x225.jpg 300w, https:\/\/www.aek.eus\/blogak\/bilbo\/files\/2021\/05\/Lizardi3-768x576.jpg 768w, https:\/\/www.aek.eus\/blogak\/bilbo\/files\/2021\/05\/Lizardi3.jpg 1536w\" sizes=\"auto, (max-width: 1024px) 100vw, 1024px\" \/><\/figure>\n\n\n\n<figure class=\"wp-block-image size-large\"><img loading=\"lazy\" decoding=\"async\" width=\"1024\" height=\"768\" data-id=\"3152\" src=\"https:\/\/www.aek.eus\/blogak\/bilbo\/files\/2021\/05\/Lizardi4-1024x768.jpg\" alt=\"\" class=\"wp-image-3152\" srcset=\"https:\/\/www.aek.eus\/blogak\/bilbo\/files\/2021\/05\/Lizardi4-1024x768.jpg 1024w, https:\/\/www.aek.eus\/blogak\/bilbo\/files\/2021\/05\/Lizardi4-300x225.jpg 300w, https:\/\/www.aek.eus\/blogak\/bilbo\/files\/2021\/05\/Lizardi4-768x576.jpg 768w, https:\/\/www.aek.eus\/blogak\/bilbo\/files\/2021\/05\/Lizardi4-1536x1152.jpg 1536w, https:\/\/www.aek.eus\/blogak\/bilbo\/files\/2021\/05\/Lizardi4-2048x1536.jpg 2048w\" sizes=\"auto, (max-width: 1024px) 100vw, 1024px\" \/><\/figure>\n<\/figure>\n\n\n\n<p><a href=\"http:\/\/www.aek.eus\/blogak\/bilbo\/larrako\/\"><\/a><\/p>\n\n\n\n<hr class=\"wp-block-separator has-alpha-channel-opacity\" \/>\n\n\n\n<p><a href=\"http:\/\/www.aek.eus\/blogak\/bilbo\/larrako\/\"><strong>MATXINTXU AEK<\/strong><\/a><\/p>\n\n\n\n<p>Ram\u00f3n y Cajal 8-behea, 94 475 2233<\/p>\n\n\n\n<p>matxintxu@aek.eus<\/p>\n\n\n\n<p>Iraileko matrikulazio ordutegia \/ Horario de matriculaci\u00f3n de septiembre:<\/p>\n\n\n\n<p>Irailaren 12ra arte: 10:00-14:00 hasta el 12 de septiembre<\/p>\n\n\n\n<p>Irailaren 15etik aurrera: 09:30-13:30 eta 17:00-20:00 a partir del 15 de septiembre<\/p>\n\n\n\n<p><a href=\"https:\/\/www.aek.eus\/blogak\/bilbo\/gure-euskaltegiak-3\/\">Ikusi orrialdea<\/a><\/p>\n\n\n\n<figure class=\"wp-block-image size-large\"><img loading=\"lazy\" decoding=\"async\" width=\"725\" height=\"1024\" src=\"https:\/\/www.aek.eus\/blogak\/bilbo\/files\/2025\/09\/matxintxu-larrako_page-0001-1-725x1024.jpg\" alt=\"\" class=\"wp-image-4492\" srcset=\"https:\/\/www.aek.eus\/blogak\/bilbo\/files\/2025\/09\/matxintxu-larrako_page-0001-1-725x1024.jpg 725w, https:\/\/www.aek.eus\/blogak\/bilbo\/files\/2025\/09\/matxintxu-larrako_page-0001-1-212x300.jpg 212w, https:\/\/www.aek.eus\/blogak\/bilbo\/files\/2025\/09\/matxintxu-larrako_page-0001-1-768x1085.jpg 768w, https:\/\/www.aek.eus\/blogak\/bilbo\/files\/2025\/09\/matxintxu-larrako_page-0001-1-1087x1536.jpg 1087w, https:\/\/www.aek.eus\/blogak\/bilbo\/files\/2025\/09\/matxintxu-larrako_page-0001-1.jpg 1241w\" sizes=\"auto, (max-width: 725px) 100vw, 725px\" \/><\/figure>\n\n\n\n<figure class=\"wp-block-image\"><img loading=\"lazy\" decoding=\"async\" width=\"1024\" height=\"768\" src=\"http:\/\/www.aek.eus\/blogak\/bilbo\/files\/2021\/05\/Matxintxu1-1024x768.jpg\" alt=\"\" class=\"wp-image-3153\" srcset=\"https:\/\/www.aek.eus\/blogak\/bilbo\/files\/2021\/05\/Matxintxu1-1024x768.jpg 1024w, https:\/\/www.aek.eus\/blogak\/bilbo\/files\/2021\/05\/Matxintxu1-300x225.jpg 300w, https:\/\/www.aek.eus\/blogak\/bilbo\/files\/2021\/05\/Matxintxu1-768x576.jpg 768w, https:\/\/www.aek.eus\/blogak\/bilbo\/files\/2021\/05\/Matxintxu1-1536x1152.jpg 1536w, https:\/\/www.aek.eus\/blogak\/bilbo\/files\/2021\/05\/Matxintxu1-2048x1536.jpg 2048w\" sizes=\"auto, (max-width: 1024px) 100vw, 1024px\" \/><\/figure>\n\n\n\n<hr class=\"wp-block-separator has-alpha-channel-opacity\" \/>\n\n\n\n<p><a href=\"http:\/\/www.aek.eus\/blogak\/bilbo\/santutxu\/\"><strong>SANTUTXU AEK<\/strong><\/a><\/p>\n\n\n\n<p>Arbidea 21-behea, 94 411 7656<\/p>\n\n\n\n<p>santutxu@aek.eus<\/p>\n\n\n\n<p><a href=\"https:\/\/www.facebook.com\/santutxu.aek?fref=ts\" target=\"_blank\" rel=\"noreferrer noopener\">Facebook<\/a><\/p>\n\n\n\n<p>Bulego ordutegia irailean \/ Horario oficina en septiembre:<\/p>\n\n\n\n<p>Astelehenetik ostiralera 10:00-13:00 de lunes a viernes<\/p>\n\n\n\n<p>Iraialren 10etik aurrera 10:00-13:30 eta 16:30-19:30 (ostiraletan goizez) \/ A partir del 10 de septiembre 10:00-13:30 eta 16:30-19:30 (los viernes solo ma\u00f1anas)<\/p>\n\n\n\n<figure class=\"wp-block-image size-large is-resized\"><img loading=\"lazy\" decoding=\"async\" width=\"725\" height=\"1024\" src=\"https:\/\/www.aek.eus\/blogak\/bilbo\/files\/2025\/09\/Santutxu-25-26-1-725x1024.jpg\" alt=\"\" class=\"wp-image-4497\" style=\"width:698px;height:auto\" srcset=\"https:\/\/www.aek.eus\/blogak\/bilbo\/files\/2025\/09\/Santutxu-25-26-1-725x1024.jpg 725w, https:\/\/www.aek.eus\/blogak\/bilbo\/files\/2025\/09\/Santutxu-25-26-1-212x300.jpg 212w, https:\/\/www.aek.eus\/blogak\/bilbo\/files\/2025\/09\/Santutxu-25-26-1-768x1085.jpg 768w, https:\/\/www.aek.eus\/blogak\/bilbo\/files\/2025\/09\/Santutxu-25-26-1-1087x1536.jpg 1087w, https:\/\/www.aek.eus\/blogak\/bilbo\/files\/2025\/09\/Santutxu-25-26-1.jpg 1241w\" sizes=\"auto, (max-width: 725px) 100vw, 725px\" \/><\/figure>\n\n\n\n<figure class=\"wp-block-image size-large is-resized\"><a href=\"https:\/\/www.aek.eus\/blogak\/bilbo\/files\/2025\/09\/Santutxu-25-26-atzealdea-1.jpg\"><img loading=\"lazy\" decoding=\"async\" width=\"725\" height=\"1024\" src=\"https:\/\/www.aek.eus\/blogak\/bilbo\/files\/2025\/09\/Santutxu-25-26-atzealdea-1-725x1024.jpg\" alt=\"\" class=\"wp-image-4499\" style=\"width:681px;height:auto\" srcset=\"https:\/\/www.aek.eus\/blogak\/bilbo\/files\/2025\/09\/Santutxu-25-26-atzealdea-1-725x1024.jpg 725w, https:\/\/www.aek.eus\/blogak\/bilbo\/files\/2025\/09\/Santutxu-25-26-atzealdea-1-212x300.jpg 212w, https:\/\/www.aek.eus\/blogak\/bilbo\/files\/2025\/09\/Santutxu-25-26-atzealdea-1-768x1085.jpg 768w, https:\/\/www.aek.eus\/blogak\/bilbo\/files\/2025\/09\/Santutxu-25-26-atzealdea-1-1087x1536.jpg 1087w, https:\/\/www.aek.eus\/blogak\/bilbo\/files\/2025\/09\/Santutxu-25-26-atzealdea-1.jpg 1241w\" sizes=\"auto, (max-width: 725px) 100vw, 725px\" \/><\/a><\/figure>\n\n\n\n<div class=\"wp-block-columns is-layout-flex wp-container-core-columns-is-layout-9d6595d7 wp-block-columns-is-layout-flex\">\n<div class=\"wp-block-column is-layout-flow wp-block-column-is-layout-flow\" style=\"flex-basis:100%\">\n<div class=\"wp-block-group\"><div class=\"wp-block-group__inner-container is-layout-constrained wp-block-group-is-layout-constrained\">\n<figure class=\"wp-block-gallery has-nested-images columns-default is-cropped wp-block-gallery-6 is-layout-flex wp-block-gallery-is-layout-flex\"><\/figure>\n\n\n\n<p><\/p>\n<\/div><\/div>\n\n\n\n<figure class=\"wp-block-gallery has-nested-images columns-default is-cropped wp-block-gallery-7 is-layout-flex wp-block-gallery-is-layout-flex\"><\/figure>\n\n\n\n<p><\/p>\n<\/div>\n<\/div>\n\n\n\n<figure class=\"wp-block-image is-resized\"><img loading=\"lazy\" decoding=\"async\" width=\"1024\" height=\"768\" src=\"http:\/\/www.aek.eus\/blogak\/bilbo\/files\/2021\/05\/Santutxu1-1024x768.jpg\" alt=\"\" class=\"wp-image-3154\" style=\"width:861px;height:auto\" srcset=\"https:\/\/www.aek.eus\/blogak\/bilbo\/files\/2021\/05\/Santutxu1-1024x768.jpg 1024w, https:\/\/www.aek.eus\/blogak\/bilbo\/files\/2021\/05\/Santutxu1-300x225.jpg 300w, https:\/\/www.aek.eus\/blogak\/bilbo\/files\/2021\/05\/Santutxu1-768x576.jpg 768w, https:\/\/www.aek.eus\/blogak\/bilbo\/files\/2021\/05\/Santutxu1-1536x1152.jpg 1536w, https:\/\/www.aek.eus\/blogak\/bilbo\/files\/2021\/05\/Santutxu1.jpg 1600w\" sizes=\"auto, (max-width: 1024px) 100vw, 1024px\" \/><figcaption class=\"wp-element-caption\">Arbidea kaleko euskaltegia (Txurdinaga) eta Aita Pernet kaleko euskaltegia (Santutxu)<\/figcaption><\/figure>\n\n\n\n<hr class=\"wp-block-separator has-alpha-channel-opacity\" \/>\n\n\n\n<p><a href=\"http:\/\/www.aek.eus\/blogak\/bilbo\/zorrotza\/\"><strong>ZORROTZA AEK<\/strong><\/a><\/p>\n\n\n\n<p>Zalbidea 7-behea, 94 441 4920<\/p>\n\n\n\n<p><a href=\"https:\/\/www.facebook.com\/zorrotza.aek\" target=\"_blank\" rel=\"noreferrer noopener\">Facebook<\/a><\/p>\n\n\n\n<p>zorrotza@aek.eus<\/p>\n\n\n\n<p>Iraileko bulego ordutegia \/ Horario oficina en septiembre:<\/p>\n\n\n\n<p>09:00-14:00 eta 16:30-19:30 (ostiraletan, goizez baino ez)<\/p>\n\n\n\n<p>09:00-14:00 y 16:30-19:30 (los viernes solo de ma\u00f1anas)<\/p>\n\n\n\n<figure class=\"wp-block-image size-large\"><img loading=\"lazy\" decoding=\"async\" width=\"725\" height=\"1024\" src=\"https:\/\/www.aek.eus\/blogak\/bilbo\/files\/2025\/09\/Zorrotza-330-25-26_page-0001-725x1024.jpg\" alt=\"\" class=\"wp-image-4502\" srcset=\"https:\/\/www.aek.eus\/blogak\/bilbo\/files\/2025\/09\/Zorrotza-330-25-26_page-0001-725x1024.jpg 725w, https:\/\/www.aek.eus\/blogak\/bilbo\/files\/2025\/09\/Zorrotza-330-25-26_page-0001-212x300.jpg 212w, https:\/\/www.aek.eus\/blogak\/bilbo\/files\/2025\/09\/Zorrotza-330-25-26_page-0001-768x1085.jpg 768w, https:\/\/www.aek.eus\/blogak\/bilbo\/files\/2025\/09\/Zorrotza-330-25-26_page-0001-1087x1536.jpg 1087w, https:\/\/www.aek.eus\/blogak\/bilbo\/files\/2025\/09\/Zorrotza-330-25-26_page-0001.jpg 1241w\" sizes=\"auto, (max-width: 725px) 100vw, 725px\" \/><\/figure>\n\n\n\n<h3 class=\"wp-block-heading\">Bilboko AEK euskaltegiak<\/h3>\n\n\n\n<p>Eskerrik asko Bilboko AEK-ko euskaltegien web-orria bisitatzeagatik. Hemen, espero dugu behar duzun informazioa aurkitu ahalko duzula: nortzuk garen, non gauden, zer eskaintzen dugun&#8230; Bilboko AEK hainbat euskaltegik osatzen dugu, eta, bakoitzak bere nortasuna eta dinamika propioa dauzkan arren, era koordinatuan funtzionatzen dugu ahalik eta auzo gehienetan geure presentzia bermatu eta zugandik hurbil egoteko.<\/p>\n\n\n\n<h3 class=\"wp-block-heading\">HARPIDETZA<\/h3>\n\n\n\n<p>Gure blogaren azken post-ak jaso nahi dituzu e-postaz? Orduan, idatzi zure helbide elektronikoa! \u00bfQuieres recibir nuestros \u00faltimos posts por correo electr\u00f3nico? Entonces, \u00a1escribe aqu\u00ed tu direcci\u00f3n! Email<\/p>\n\n\n\n<h3 class=\"wp-block-heading\">Bloga kudeatu<\/h3>\n\n\n\n<p><a href=\"https:\/\/wordpress.org\/\">WordPress.org<\/a><\/p>\n\n\n\n<p><a href=\"https:\/\/www.aek.eus\/blogak\/bilbo\/wp-admin\/\">Gunearen administrazioa<\/a><\/p>\n\n\n\n<p><a href=\"https:\/\/www.aek.eus\/blogak\/bilbo\/wp-login.php?action=logout&amp;_wpnonce=29b0fa8f52\">Irten<\/a><\/p>\n\n\n\n<p><a href=\"https:\/\/www.aek.eus\/blogak\/bilbo\/feed\/\">Sarreren jarioa<\/a><\/p>\n\n\n\n<p><a href=\"https:\/\/www.aek.eus\/blogak\/bilbo\/comments\/feed\/\">Iruzkinen jarioa<\/a><\/p>\n\n\n\n<p><a href=\"https:\/\/www.aek.eus\/blogak\/bilbo\/gure-euskaltegiak-3\/\">Ikusi orrialdea<\/a><\/p>\n\n\n\n<figure class=\"wp-block-gallery has-nested-images columns-default is-cropped wp-block-gallery-8 is-layout-flex wp-block-gallery-is-layout-flex\"><\/figure>\n\n\n\n<figure class=\"wp-block-gallery has-nested-images columns-default is-cropped wp-block-gallery-9 is-layout-flex wp-block-gallery-is-layout-flex\"><\/figure>\n\n\n\n<hr class=\"wp-block-separator has-css-opacity\" \/>\n\n\n\n<p><\/p>\n","protected":false},"excerpt":{"rendered":"<p>[:eu]Bilboko euskaltegi guztietan badaukagu zabalik datorren ikasturterako matrikulazioa. Irailean zehar, gertuen daukazuen euskaltegira hurbildu, gurekin euskara eroso biziko duzue eta! Sei euskaltegi gara Bilbon, etorri eta eman izena! Ez utzi azken egunera arte!! [:ES] Ya tenemos abierto en los euskaltegis de Bilbao el plazo para hacer la MATRICULA para el curso 25-26. Durante septiembre podeis [&hellip;]<\/p>\n","protected":false},"author":32,"featured_media":0,"parent":0,"menu_order":0,"comment_status":"closed","ping_status":"open","template":"","meta":{"footnotes":""},"class_list":["post-1571","page","type-page","status-publish","czr-hentry"],"featured_image_src":null,"featured_image_src_square":null,"_links":{"self":[{"href":"https:\/\/www.aek.eus\/blogak\/bilbo\/wp-json\/wp\/v2\/pages\/1571","targetHints":{"allow":["GET"]}}],"collection":[{"href":"https:\/\/www.aek.eus\/blogak\/bilbo\/wp-json\/wp\/v2\/pages"}],"about":[{"href":"https:\/\/www.aek.eus\/blogak\/bilbo\/wp-json\/wp\/v2\/types\/page"}],"author":[{"embeddable":true,"href":"https:\/\/www.aek.eus\/blogak\/bilbo\/wp-json\/wp\/v2\/users\/32"}],"replies":[{"embeddable":true,"href":"https:\/\/www.aek.eus\/blogak\/bilbo\/wp-json\/wp\/v2\/comments?post=1571"}],"version-history":[{"count":74,"href":"https:\/\/www.aek.eus\/blogak\/bilbo\/wp-json\/wp\/v2\/pages\/1571\/revisions"}],"predecessor-version":[{"id":4556,"href":"https:\/\/www.aek.eus\/blogak\/bilbo\/wp-json\/wp\/v2\/pages\/1571\/revisions\/4556"}],"wp:attachment":[{"href":"https:\/\/www.aek.eus\/blogak\/bilbo\/wp-json\/wp\/v2\/media?parent=1571"}],"curies":[{"name":"wp","href":"https:\/\/api.w.org\/{rel}","templated":true}]}}