{"id":1953,"date":"2016-07-07T22:32:56","date_gmt":"2016-07-07T20:32:56","guid":{"rendered":"http:\/\/www.aek.eus\/blogak\/bilbo\/?page_id=1953"},"modified":"2016-07-07T22:38:01","modified_gmt":"2016-07-07T20:38:01","slug":"euskara-ikasten-jarraitzeko-deskontuak","status":"publish","type":"page","link":"https:\/\/www.aek.eus\/blogak\/bilbo\/euskara-ikasten-jarraitzeko-deskontuak\/","title":{"rendered":"[:eu]Bizkaiko Foru Aldundiaren diru-laguntzak[:es]Ayudas de la Diputaci\u00f3n Foral de Bizkaia[:]"},"content":{"rendered":"<p>[:eu]<\/p>\n<h2><strong><em>EUSKARA ESKURA<\/em> TXARTELA<\/strong><\/h2>\n<p><strong>ZER DA?<\/strong><\/p>\n<p>Euskara Eskura Txartela Bizkaiko Foru Aldundiko Euskara eta Kulturako Foru Sailaren ekinbide bat da, bizkaitarren euskalduntzea sustatu eta doakotasuneranzko urratsak eman nahi dituena.<\/p>\n<p>Euskara Eskura Txartela pertsonala da eta onuradunak berak bakarrik erabil dezake. Euskara ikasten duten bizkaitarrak izan daitezke onuradun, baldin eta 2015-2016 ikasturtean A1, A2 edo B1 euskara-mailetako bat gainditu badute; hala, deskontu-bonua izango dute hurrengo ikasturterako.<\/p>\n<p>Hiru Euskara Eskura Txartel mota daude:<\/p>\n<p>\u2013 A1 motako Euskara Eskura Txartela, deskontu-bonurako eskubidea emango die maila hori gainditzen dutenei: gehienez 150 eurokoa izango da bonua.<br \/>\n\u2013 A2 motako Euskara Eskura Txartela, deskontu-bonurako eskubidea emango die maila hori gainditzen dutenei: gehienez 200 eurokoa izango da bonua.<br \/>\n\u2013 B1 motako Euskara Eskura Txartela, deskontu-bonurako eskubidea emango die maila hori gainditzen dutenei: gehienez 300 eurokoa izango da bonua.<br \/>\nProgramatik kanpo geratuko dira, berariaz, euskara ikasteko eta hizkuntzan trebatzeko ikastaroak administrazio publikoek finantzatuta egiten dituzten administrazio horietako langileak.<\/p>\n<p><strong>NOIZ ETA NON ESKATU?<\/strong><\/p>\n<p>2016ko uztailaren 1etik 22ra bitartean, <a href=\"http:\/\/www.bizkaia.eus\/euskaratxartela\">www.bizkaia.eus\/euskaratxartela<\/a> webean.<\/p>\n<p><strong>NOIZ ETA NON LOR DAITEKE?<\/strong><\/p>\n<p>Irailetik aurrera <a href=\"http:\/\/www.bizkaia.eus\/euskaratxartela\">www.bizkaia.eus\/euskaratxartela<\/a> helbidean. Webean bertan adieraziko da horretarako egun zehatza, iraileko lehenengo astean.<br \/>\n<strong>TXARTELA ERABILTZEKO EPEAK<\/strong><\/p>\n<p>Euskara Eskura Txartela programari atxikitako euskaltegietan edo autoikaskuntzarako zentro homologatuetan erabil daiteke, 2016-2017 ikasturterako matrikulazio-epea hasten denetik 2016ko urriaren 14ra arte.<\/p>\n<p><strong>INFORMAZIOA<\/strong><\/p>\n<p><a href=\"http:\/\/www.bizkaia.eus\/euskaratxartela\">www.bizkaia.eus\/euskaratxartela<\/a><\/p>\n<p><strong>OHAR GARRANTZITSUA<\/strong><\/p>\n<p>Txartela lortzeko nahitaezkoa da Bizkaian erroldatuta egotea, errolda-ziurtagiria baliozkoa izatea eta indarrean egotea eskaera egiten den egunean.[:es]<\/p>\n<article id=\"post-9110\" class=\" post-9110 post type-post status-publish format-standard has-post-thumbnail hentry category-noticias\">\n<div class=\"article-content\">\n<h2>EUSKARA ESKURA TXARTELA<\/h2>\n<p><strong>\u00bfQU\u00c9 ES?<\/strong><\/p>\n<p>Euskara Eskura Txartela es una iniciativa del Departamento Foral de Euskera y Cultura de la Diputaci\u00f3n Foral de Bizkaia que pretende incentivar la euskaldunizaci\u00f3n de las personas alumnas vizca\u00ednas, dando pasos en el camino hacia la gratuidad.<\/p>\n<p>Euskara Eskura Txartela es un bono-descuento personal e intransferible para las personas alumnas vizca\u00ednas que hubieran superado, en la primera convocatoria del curso 2015-2016, los niveles A1, A2 y B1 en un euskaltegi o centro de autoaprendizaje de euskera homologado.<\/p>\n<p>Se ofrecen 3 tipos de Euskara Eskura Txartela:<\/p>\n<p>\u2013 Euskara Eskura Txartela tipo A1, que dar\u00e1 derecho a las personas que hubieran superado tal nivel a obtener un bono-descuento que podr\u00e1 tener un valor m\u00e1ximo de 150 euros.<br \/>\n\u2013 Euskara Eskura Txartela tipo A2, que dar\u00e1 derecho a las personas que hubieran superado tal nivel a obtener un bono-descuento que podr\u00e1 tener un valor m\u00e1ximo de 200 euros.<br \/>\n\u2013 Euskara Eskura Txartela tipo B1, que dar\u00e1 derecho a las personas que hubieran superado tal nivel a obtener un bono-descuento que podr\u00e1 tener un valor m\u00e1ximo de 300 euros.<br \/>\nQuedan expresamente excluidas del programa las personas alumnas que presten sus servicios en las administraciones p\u00fablicas, y sean financiadas por estas en cursos de aprendizaje y capacitaci\u00f3n ling\u00fc\u00edstica en euskera.<\/p>\n<p><strong>\u00bfCU\u00c1NDO Y D\u00d3NDE SOLICITARLA?<\/strong><\/p>\n<p>Del 1 al 22 de julio de de 2016, a trav\u00e9s de la p\u00e1gina web <a href=\"http:\/\/www.bizkaia.eus\/euskaratxartela\">www.bizkaia.eus\/euskaratxartela<\/a>.<\/p>\n<p><strong>\u00bfCU\u00c1NDO Y D\u00d3NDE OBTENERLA?<\/strong><\/p>\n<p>A partir del mes de septiembre en <a href=\"http:\/\/www.bizkaia.eus\/euskaratxartela\">www.bizkaia.eus\/euskaratxartela<\/a>. La fecha exacta se determinar\u00e1 en la propia web en la primera semana de septiembre.<\/p>\n<p><strong>PLAZO PARA UTILIZARLA<\/strong><\/p>\n<p>Podr\u00e1 utilizarse Euskara Eskura Txartela en los euskaltegis y centros de autoaprendizaje de euskera homologados adheridos al programa desde el comienzo del per\u00edodo de matriculaci\u00f3n del curso 2016-2017 hasta el 14 de octubre de 2016.<\/p>\n<p><strong>INFORMACI\u00d3N<\/strong><\/p>\n<p><a href=\"http:\/\/www.bizkaia.eus\/euskaratxartela\">www.bizkaia.eus\/euskaratxartela<\/a><\/p>\n<p><strong>NOTA IMPORTANTE<\/strong><\/p>\n<p>Es imprescindible disponer de un certificado de empadronamiento en Bizkaia v\u00e1lido y vigente al realizar la solicitud.<\/p>\n<\/div>\n<div class=\"article-content\"><\/div>\n<\/article>\n<section class=\"main-color container-wrap social-share-wrap\">\n<div class=\"container\"><\/div>\n<\/section>\n<p>[:]<\/p>\n","protected":false},"excerpt":{"rendered":"<p>[:eu] EUSKARA ESKURA TXARTELA ZER DA? Euskara Eskura Txartela Bizkaiko Foru Aldundiko Euskara eta Kulturako Foru Sailaren ekinbide bat da, bizkaitarren euskalduntzea sustatu eta doakotasuneranzko urratsak eman nahi dituena. Euskara Eskura Txartela pertsonala da eta onuradunak berak bakarrik erabil dezake. Euskara ikasten duten bizkaitarrak izan daitezke onuradun, baldin eta 2015-2016 ikasturtean A1, A2 edo B1 [&hellip;]<\/p>\n","protected":false},"author":32,"featured_media":0,"parent":0,"menu_order":0,"comment_status":"closed","ping_status":"closed","template":"","meta":{"footnotes":""},"class_list":["post-1953","page","type-page","status-publish","czr-hentry"],"featured_image_src":null,"featured_image_src_square":null,"_links":{"self":[{"href":"https:\/\/www.aek.eus\/blogak\/bilbo\/wp-json\/wp\/v2\/pages\/1953","targetHints":{"allow":["GET"]}}],"collection":[{"href":"https:\/\/www.aek.eus\/blogak\/bilbo\/wp-json\/wp\/v2\/pages"}],"about":[{"href":"https:\/\/www.aek.eus\/blogak\/bilbo\/wp-json\/wp\/v2\/types\/page"}],"author":[{"embeddable":true,"href":"https:\/\/www.aek.eus\/blogak\/bilbo\/wp-json\/wp\/v2\/users\/32"}],"replies":[{"embeddable":true,"href":"https:\/\/www.aek.eus\/blogak\/bilbo\/wp-json\/wp\/v2\/comments?post=1953"}],"version-history":[{"count":2,"href":"https:\/\/www.aek.eus\/blogak\/bilbo\/wp-json\/wp\/v2\/pages\/1953\/revisions"}],"predecessor-version":[{"id":1957,"href":"https:\/\/www.aek.eus\/blogak\/bilbo\/wp-json\/wp\/v2\/pages\/1953\/revisions\/1957"}],"wp:attachment":[{"href":"https:\/\/www.aek.eus\/blogak\/bilbo\/wp-json\/wp\/v2\/media?parent=1953"}],"curies":[{"name":"wp","href":"https:\/\/api.w.org\/{rel}","templated":true}]}}