{"id":1985,"date":"2016-07-29T16:23:45","date_gmt":"2016-07-29T14:23:45","guid":{"rendered":"http:\/\/www.aek.eus\/blogak\/bilbo\/?page_id=1985"},"modified":"2016-07-29T16:23:45","modified_gmt":"2016-07-29T14:23:45","slug":"geure-blogak","status":"publish","type":"page","link":"https:\/\/www.aek.eus\/blogak\/bilbo\/geure-blogak\/","title":{"rendered":"[:eu]GEURE BLOGAK[:es]NUESTROS BLOGS[:]"},"content":{"rendered":"<p>[:eu]Bilboko AEK hainbat euskaltegik osatzen dugu: Indautxu, Irala, Larrako (San Inazion), Lizardi (Alde Zaharrean), Matxintxu (Deustun), Santutxu eta Zorrotza. Zuen etxeetara ahalik eta gehien hurbiltzen gara, horregatik gara hainbeste! Gainera, auzoen bihotzetan kokatzeak laguntzen digu auzoan auzoko dinamika parte hartzen, hurbiltzen&#8230; eta euskararen presentzia bultzatzen Bilboko txoko guztietan!!!<\/p>\n<p>Geure artean koordinatzen bagara ere, nork bere dinamika propioa du&#8230; eta, gure berri emateko, baita bere bloga ere!<\/p>\n<p>Klikatu nahi duzun euskaltegian ikusteko gure ekintzak:<\/p>\n<p><a href=\"http:\/\/www.aek.eus\/blogak\/bilbo\/category\/indautxu\/\">IRALA-INDAUTXU BLOGA<\/a><\/p>\n<p><a href=\"http:\/\/www.aek.eus\/blogak\/bilbo\/category\/lizardi\/\">LIZARDI BLOGA<\/a><\/p>\n<p><a href=\"http:\/\/www.aek.eus\/blogak\/bilbo\/category\/larrako-matxintxu\/\">MATXINTXU-LARRAKO BLOGA<\/a><\/p>\n<p><a href=\"http:\/\/www.aek.eus\/blogak\/bilbo\/category\/santutxu\/\">SANTUTXU BLOGA<\/a><\/p>\n<p><a href=\"http:\/\/www.aek.eus\/blogak\/bilbo\/category\/zorrotza\/\">ZORROTZA BLOGA<\/a>[:es]AEK de Bilbao lo formamos varios euskaltegis: Indautxu, Irala, Larrako (en San Ignacio), Lizardi (en el Casco Viejo), Matxintxu (en Deusto), Santutxu y Zorroza. Nos acercamos lo m\u00e1s posible a vosotr@s&#8230; \u00a1por eso somos tantos! Adem\u00e1s, ubicarnos en el coraz\u00f3n de los barrios nos brinda la oportunidad de participar en la din\u00e1mica de cada barrio, estar m\u00e1s cerca&#8230; e impulsar la presencia del euskera en los barrios no tan c\u00e9ntricos de Bilbao.<\/p>\n<p>Aunque entre nosotros funcionamos de forma coordinada, en cada euskaltegi tenemos nuestra personalidad, nuestra din\u00e1mica propia&#8230; por eso, para que teng\u00e1is noticias de todos nosotros, tambi\u00e9n tenemos nuestros blogs!<\/p>\n<p>Haz click encima del euskaltegi que desees, para poder acceder a su blog:<\/p>\n<p><a href=\"http:\/\/www.aek.eus\/blogak\/bilbo\/category\/indautxu\/\">IRALA-INDAUTXU BLOG<\/a><\/p>\n<p><a href=\"http:\/\/www.aek.eus\/blogak\/bilbo\/category\/lizardi\/\">LIZARDI BLOG<\/a><\/p>\n<p><a href=\"http:\/\/www.aek.eus\/blogak\/bilbo\/category\/larrako-matxintxu\/\">MATXINTXU-LARRAKO BLOG<\/a><\/p>\n<p><a href=\"http:\/\/www.aek.eus\/blogak\/bilbo\/category\/santutxu\/\">SANTUTXU BLOG<\/a><\/p>\n<p><a href=\"http:\/\/www.aek.eus\/blogak\/bilbo\/category\/zorrotza\/\">ZORROTZA BLOG<\/a>[:]<\/p>\n","protected":false},"excerpt":{"rendered":"<p>[:eu]Bilboko AEK hainbat euskaltegik osatzen dugu: Indautxu, Irala, Larrako (San Inazion), Lizardi (Alde Zaharrean), Matxintxu (Deustun), Santutxu eta Zorrotza. Zuen etxeetara ahalik eta gehien hurbiltzen gara, horregatik gara hainbeste! Gainera, auzoen bihotzetan kokatzeak laguntzen digu auzoan auzoko dinamika parte hartzen, hurbiltzen&#8230; eta euskararen presentzia bultzatzen Bilboko txoko guztietan!!! Geure artean koordinatzen bagara ere, nork bere [&hellip;]<\/p>\n","protected":false},"author":32,"featured_media":0,"parent":0,"menu_order":0,"comment_status":"closed","ping_status":"closed","template":"","meta":{"footnotes":""},"class_list":["post-1985","page","type-page","status-publish","czr-hentry"],"featured_image_src":null,"featured_image_src_square":null,"_links":{"self":[{"href":"https:\/\/www.aek.eus\/blogak\/bilbo\/wp-json\/wp\/v2\/pages\/1985","targetHints":{"allow":["GET"]}}],"collection":[{"href":"https:\/\/www.aek.eus\/blogak\/bilbo\/wp-json\/wp\/v2\/pages"}],"about":[{"href":"https:\/\/www.aek.eus\/blogak\/bilbo\/wp-json\/wp\/v2\/types\/page"}],"author":[{"embeddable":true,"href":"https:\/\/www.aek.eus\/blogak\/bilbo\/wp-json\/wp\/v2\/users\/32"}],"replies":[{"embeddable":true,"href":"https:\/\/www.aek.eus\/blogak\/bilbo\/wp-json\/wp\/v2\/comments?post=1985"}],"version-history":[{"count":1,"href":"https:\/\/www.aek.eus\/blogak\/bilbo\/wp-json\/wp\/v2\/pages\/1985\/revisions"}],"predecessor-version":[{"id":1986,"href":"https:\/\/www.aek.eus\/blogak\/bilbo\/wp-json\/wp\/v2\/pages\/1985\/revisions\/1986"}],"wp:attachment":[{"href":"https:\/\/www.aek.eus\/blogak\/bilbo\/wp-json\/wp\/v2\/media?parent=1985"}],"curies":[{"name":"wp","href":"https:\/\/api.w.org\/{rel}","templated":true}]}}