{"id":2051,"date":"2016-07-31T12:11:07","date_gmt":"2016-07-31T10:11:07","guid":{"rendered":"http:\/\/www.aek.eus\/blogak\/bilbo\/?page_id=2051"},"modified":"2016-07-31T12:11:07","modified_gmt":"2016-07-31T10:11:07","slug":"hizkuntza-eskola","status":"publish","type":"page","link":"https:\/\/www.aek.eus\/blogak\/bilbo\/hizkuntza-eskola\/","title":{"rendered":"[:eu]Hizkuntza Eskola[:es]Escuela oficial de idiomas[:]"},"content":{"rendered":"<p>[:eu]Hizkuntza Eskolaren bitartez, aukera dago A2, B1 eta B2 mailak egiaztatzeko. Azterketa ofiziala modu librean egiteko, otsailean matrikulatu behar da Internet bidez. Informazio gehiago <a href=\"http:\/\/www.eoibilbaoheo.hezkuntza.net\/web\/guest\/inicio1\" target=\"_blank\">hemen<\/a> duzue.[:es]Por medio de las escuelas oficiales de idiomas, hay opci\u00f3n de acreditar los niveles A2, B1 y B2 haciendo el examen por libre. Para ello, la matr\u00edcula se realiza en febrero mediante su p\u00e1gina web. Ten\u00e9is m\u00e1s informaci\u00f3n aqu\u00ed.<\/p>\n<p>&nbsp;[:]<\/p>\n","protected":false},"excerpt":{"rendered":"<p>[:eu]Hizkuntza Eskolaren bitartez, aukera dago A2, B1 eta B2 mailak egiaztatzeko. Azterketa ofiziala modu librean egiteko, otsailean matrikulatu behar da Internet bidez. Informazio gehiago hemen duzue.[:es]Por medio de las escuelas oficiales de idiomas, hay opci\u00f3n de acreditar los niveles A2, B1 y B2 haciendo el examen por libre. Para ello, la matr\u00edcula se realiza en [&hellip;]<\/p>\n","protected":false},"author":32,"featured_media":0,"parent":0,"menu_order":0,"comment_status":"closed","ping_status":"closed","template":"","meta":{"footnotes":""},"class_list":["post-2051","page","type-page","status-publish","czr-hentry"],"featured_image_src":null,"featured_image_src_square":null,"_links":{"self":[{"href":"https:\/\/www.aek.eus\/blogak\/bilbo\/wp-json\/wp\/v2\/pages\/2051","targetHints":{"allow":["GET"]}}],"collection":[{"href":"https:\/\/www.aek.eus\/blogak\/bilbo\/wp-json\/wp\/v2\/pages"}],"about":[{"href":"https:\/\/www.aek.eus\/blogak\/bilbo\/wp-json\/wp\/v2\/types\/page"}],"author":[{"embeddable":true,"href":"https:\/\/www.aek.eus\/blogak\/bilbo\/wp-json\/wp\/v2\/users\/32"}],"replies":[{"embeddable":true,"href":"https:\/\/www.aek.eus\/blogak\/bilbo\/wp-json\/wp\/v2\/comments?post=2051"}],"version-history":[{"count":1,"href":"https:\/\/www.aek.eus\/blogak\/bilbo\/wp-json\/wp\/v2\/pages\/2051\/revisions"}],"predecessor-version":[{"id":2052,"href":"https:\/\/www.aek.eus\/blogak\/bilbo\/wp-json\/wp\/v2\/pages\/2051\/revisions\/2052"}],"wp:attachment":[{"href":"https:\/\/www.aek.eus\/blogak\/bilbo\/wp-json\/wp\/v2\/media?parent=2051"}],"curies":[{"name":"wp","href":"https:\/\/api.w.org\/{rel}","templated":true}]}}